{"id":3,"date":"2021-03-17T11:14:20","date_gmt":"2021-03-17T11:14:20","guid":{"rendered":"https:\/\/isoleringsmaskinen.dk\/?page_id=3"},"modified":"2024-02-14T10:26:58","modified_gmt":"2024-02-14T09:26:58","slug":"privacy-policy","status":"publish","type":"page","link":"https:\/\/isoleringsmaskinen.dk\/de\/privacy-policy\/","title":{"rendered":"Cookie og privatlivspolitik"},"content":{"rendered":"<div data-elementor-type=\"wp-page\" data-elementor-id=\"3\" class=\"elementor elementor-3\" data-elementor-post-type=\"page\">\n\t\t\t\t\t\t\t\t\t<section class=\"elementor-section elementor-top-section elementor-element elementor-element-4a81bde9 elementor-section-boxed elementor-section-height-default elementor-section-height-default\" data-id=\"4a81bde9\" data-element_type=\"section\">\n\t\t\t\t\t\t<div class=\"elementor-container elementor-column-gap-default\">\n\t\t\t\t\t<div class=\"elementor-column elementor-col-100 elementor-top-column elementor-element elementor-element-3738b5ae\" data-id=\"3738b5ae\" data-element_type=\"column\">\n\t\t\t<div class=\"elementor-widget-wrap elementor-element-populated\">\n\t\t\t\t\t\t\t\t<div class=\"elementor-element elementor-element-5a2c4039 elementor-widget elementor-widget-text-editor\" data-id=\"5a2c4039\" data-element_type=\"widget\" data-widget_type=\"text-editor.default\">\n\t\t\t\t<div class=\"elementor-widget-container\">\n\t\t\t\t\t\t\t<h1>Datenschutzbestimmungen<\/h1><p>Als Besucher unserer Website sind Sie bei uns in guten H\u00e4nden. Im Folgenden finden Sie unsere Datenrichtlinie, in der beschrieben wird, welche Informationen wir sammeln, um die Nutzererfahrung auf unserer Website zu gew\u00e4hrleisten. Au\u00dferdem beschreiben wir, warum Sie unbesorgt auf unserer Website navigieren k\u00f6nnen, ohne sich Sorgen zu machen, dass wir Ihre digitalen Spuren auf der Website missbrauchen.<\/p><h2>Cookies<\/h2><p>Wir verwenden auf unserer Website Cookies, d. h. Daten, die auf Ihrem Ger\u00e4t (Computer, Handy, Tablet usw.) gespeichert werden. Der Zweck dieser Daten ist es, Ihr Ger\u00e4t zu erkennen und die Benutzerfreundlichkeit zu erh\u00f6hen, indem Einstellungen gespeichert werden, Werbung gezielt angezeigt wird usw.<\/p><p>Es ist m\u00f6glich, Ihre Cookies zu l\u00f6schen oder zu blockieren.<br \/>Wenn Sie jedoch Ihre Cookies l\u00f6schen oder blockieren, werden die Anzeigen, die Sie sehen, f\u00fcr Sie nicht mehr so relevant sein. Au\u00dferdem wird Ihnen die Werbung dann h\u00e4ufiger angezeigt.<\/p><h3>Anleitungen zum L\u00f6schen von Cookies<\/h3><p id=\"howto-title\"><span style=\"color: #000080;\"><a style=\"color: #000080;\" href=\"https:\/\/support.apple.com\/da-dk\/guide\/safari\/sfri11471\/mac\" target=\"_blank\" rel=\"noopener\">Cookies f\u00fcr Safari auf Ihrem Mac l\u00f6schen\u00a0<\/a><\/span><br \/><span style=\"color: #000080;\"><a style=\"color: #000080;\" href=\"https:\/\/support.apple.com\/da-dk\/105082\" target=\"_blank\" rel=\"noopener\">Cookies f\u00fcr Safari auf Ihrem iPhone, iPad oder iPod touch l\u00f6schen<\/a><\/span><br \/><span style=\"color: #000080;\"><a style=\"color: #000080;\" href=\"https:\/\/support.google.com\/chrome\/answer\/95647\" target=\"_blank\" rel=\"noopener\">Cookies f\u00fcr Google Chrome auf Android-Ger\u00e4ten l\u00f6schen<\/a><\/span><br \/><span style=\"color: #000080;\"><a style=\"color: #000080;\" href=\"https:\/\/support.google.com\/chrome\/answer\/95647?co=GENIE.Platform%3DDesktop&amp;hl=da&amp;oco=0\" target=\"_blank\" rel=\"noopener\">Cookies f\u00fcr Google Chrome auf Ihrem Computer l\u00f6schen<\/a><\/span><br \/><a href=\"https:\/\/support.microsoft.com\/da-dk\/microsoft-edge\/f%C3%A5-vist-og-slet-browserdata-i-microsoft-edge-00cf7943-a9e1-975a-a33d-ac10ce454ca4\" target=\"_blank\" rel=\"noopener\"><span style=\"color: #000080;\">Cookies f\u00fcr Microsoft Edge auf Ihrem Computer l\u00f6schen<\/span><\/a><\/p><p>Unsere Website enth\u00e4lt Cookies von einigen der <span style=\"color: #000080;\"><a style=\"color: #000080;\" href=\"https:\/\/online-tryghed.dk\/hyppige-tredjeparter-ved-digital-annoncering\/\" target=\"_blank\" rel=\"noopener\">Die h\u00e4ufigsten Drittparteien<\/a><\/span>.<\/p><h2><strong>Pers\u00f6nliche Daten<\/strong><\/h2><p>Wenn Sie auf unsere Website zugreifen, werden Ihre personenbezogenen Daten erfasst. Personenbezogene Daten sind Informationen, die zu Ihnen zur\u00fcckverfolgt werden k\u00f6nnen. Dies k\u00f6nnen z.B. sein Informationen \u00fcber Ihren Computer oder Ihr Mobiltelefon, Ihre IP-Nummer, Ihren geografischen Standort und Ihre Navigation auf der Website. Diese Informationen k\u00f6nnen im Zusammenhang mit Newslettern, Wettbewerben, Umfragen usw. verwendet werden.<\/p><p>Wenn Sie Ihr Einverst\u00e4ndnis geben und Ihren Namen, Ihre E-Mail-Adresse, Ihre Adresse, Ihre Telefonnummer und Ihre Zahlungsinformationen angeben, k\u00f6nnen diese Informationen ebenfalls verarbeitet werden. In der Regel sind diese Informationen nur bei der Erstellung eines Kaufs oder eines Logins verf\u00fcgbar.<\/p><h3><strong>Zweck der Datenspeicherung<\/strong><\/h3><p>Der Zweck dieser Informationen ist es, Sie als Nutzer zu identifizieren, um die Relevanz der Ihnen angezeigten Werbung zu maximieren. Dar\u00fcber hinaus werden die Informationen verwendet, um K\u00e4ufe und Zahlungen zu registrieren und sicherzustellen, dass die von Ihnen angeforderten Dienstleistungen korrekt erbracht werden - z. B. Newsletter, Ank\u00fcndigungen usw.<\/p><h3><strong>Sicherheitsma\u00dfnahmen<\/strong><\/h3><p>Es wurden technische und organisatorische Ma\u00dfnahmen ergriffen, um sicherzustellen, dass die bei uns gespeicherten Daten nicht gel\u00f6scht, ver\u00f6ffentlicht, manipuliert, beeintr\u00e4chtigt oder rechtswidrig missbraucht werden.<\/p><h3><strong>Zeitrahmen f\u00fcr die Datenspeicherung<\/strong><\/h3><p>Die Daten werden f\u00fcr den gesetzlich zul\u00e4ssigen Zeitraum gespeichert. Sie werden gel\u00f6scht, wenn ihre Speicherung nicht mehr erforderlich ist. Die Dauer der Speicherung h\u00e4ngt von den Daten und dem Grund f\u00fcr die Speicherung ab - daher ist es nicht m\u00f6glich, die allgemeine Dauer der Speicherung anzugeben.<\/p><h3><strong>Weitergabe von Informationen an Dritte<br \/><\/strong><\/h3><p>Die bekannten Informationen werden an eine Reihe von Dritten weitergegeben. Diese Dritten verarbeiten die Daten in unserem Auftrag und d\u00fcrfen sie nicht f\u00fcr ihre eigenen Zwecke verwenden. Wie bereits erw\u00e4hnt, werden personenbezogene Daten wie Name, E-Mail, Adresse usw. nur dann weitergegeben, wenn die Zustimmung dazu erteilt wurde.<br \/>Bei unseren Datenverarbeitern handelt es sich ausschlie\u00dflich um Unternehmen in der EU oder in L\u00e4ndern, die Anforderungen an einen angemessenen Schutz Ihrer Daten haben.<\/p><h3><strong>Zugang zu Informationen und Beschwerden<\/strong><\/h3><p>Sie haben jederzeit das Recht, genau zu erfahren, welche personenbezogenen Daten wir \u00fcber Sie verarbeiten. Dar\u00fcber hinaus k\u00f6nnen Sie jederzeit der Verwendung der Daten widersprechen. Au\u00dferdem k\u00f6nnen Sie Ihre Zustimmung zur Verarbeitung Ihrer personenbezogenen Daten widerrufen. Wenn die verarbeiteten Daten unrichtig sind, haben Sie das Recht, sie l\u00f6schen oder berichtigen zu lassen. Dies geschieht durch <a href=\"https:\/\/isoleringsmaskinen.dk\/de\/kontakt\/\">Kontakt<\/a> unter: iso@isoleringsmaskinen.dk.<\/p><p>Wenn Sie der Meinung sind, dass die Verarbeitung Ihrer personenbezogenen Daten durch uns falsch ist und Sie sich beschweren m\u00f6chten, k\u00f6nnen Sie sich an folgende Stelle wenden<span style=\"color: #000080;\">\u00a0<\/span><a href=\"https:\/\/www.datatilsynet.dk\/\" target=\"_blank\" rel=\"noopener\"><span style=\"color: #000080;\">Datenschutzbeh\u00f6rde<\/span><\/a>.<\/p><h2><strong>Herausgeber<\/strong><\/h2><p>Diese Website ist Eigentum und wird ver\u00f6ffentlicht von:<\/p><p>Isoleringsmaskinen A\/S<br \/>Schmiedestra\u00dfe 24<br \/>DK-4180 Sor\u00f8, D\u00e4nemark<br \/>Telefon: (+45) 31 36 62 86 86<br \/>E-Mail: iso@isoleringsmaskinen.dk<br \/>CVR: 39 11 86 45<\/p>\t\t\t\t\t\t<\/div>\n\t\t\t\t<\/div>\n\t\t\t\t\t<\/div>\n\t\t<\/div>\n\t\t\t\t\t\t\t<\/div>\n\t\t<\/section>\n\t\t\t\t\t\t\t<\/div>","protected":false},"excerpt":{"rendered":"<p>Privatlivspolitik Som bes\u00f8gende p\u00e5 vores website er du i sikre h\u00e6nder. Nedenfor fremg\u00e5r vores datapolitik, som omhandler de oplysninger vi indsamler for at sikre brugeroplevelsen p\u00e5 vores side. Ydermere beskriver vi, hvorfor du med ro i sj\u00e6len kan navigere rundt p\u00e5 vores side uden at bekymre dig om, om vi misbruger dine digitale fodspor p\u00e5 [&hellip;]<\/p>","protected":false},"author":1,"featured_media":0,"parent":0,"menu_order":0,"comment_status":"closed","ping_status":"open","template":"","meta":{"footnotes":""},"class_list":["post-3","page","type-page","status-publish","hentry"],"_links":{"self":[{"href":"https:\/\/isoleringsmaskinen.dk\/de\/wp-json\/wp\/v2\/pages\/3","targetHints":{"allow":["GET"]}}],"collection":[{"href":"https:\/\/isoleringsmaskinen.dk\/de\/wp-json\/wp\/v2\/pages"}],"about":[{"href":"https:\/\/isoleringsmaskinen.dk\/de\/wp-json\/wp\/v2\/types\/page"}],"author":[{"embeddable":true,"href":"https:\/\/isoleringsmaskinen.dk\/de\/wp-json\/wp\/v2\/users\/1"}],"replies":[{"embeddable":true,"href":"https:\/\/isoleringsmaskinen.dk\/de\/wp-json\/wp\/v2\/comments?post=3"}],"version-history":[{"count":17,"href":"https:\/\/isoleringsmaskinen.dk\/de\/wp-json\/wp\/v2\/pages\/3\/revisions"}],"predecessor-version":[{"id":4892,"href":"https:\/\/isoleringsmaskinen.dk\/de\/wp-json\/wp\/v2\/pages\/3\/revisions\/4892"}],"wp:attachment":[{"href":"https:\/\/isoleringsmaskinen.dk\/de\/wp-json\/wp\/v2\/media?parent=3"}],"curies":[{"name":"wp","href":"https:\/\/api.w.org\/{rel}","templated":true}]}}