{"id":1696,"date":"2022-08-03T13:25:59","date_gmt":"2022-08-03T12:25:59","guid":{"rendered":"https:\/\/isoleringsmaskinen.dk\/?page_id=1696"},"modified":"2025-10-23T14:23:59","modified_gmt":"2025-10-23T13:23:59","slug":"isopro1-1000","status":"publish","type":"page","link":"https:\/\/isoleringsmaskinen.dk\/fr\/isopro\/isopro1-1000\/","title":{"rendered":"IsoPro1 1000"},"content":{"rendered":"<div data-elementor-type=\"wp-page\" data-elementor-id=\"1696\" class=\"elementor elementor-1696\" data-elementor-post-type=\"page\">\n\t\t\t\t\t\t\t\t\t<section class=\"elementor-section elementor-top-section elementor-element elementor-element-f627c14 elementor-section-boxed elementor-section-height-default elementor-section-height-default\" data-id=\"f627c14\" data-element_type=\"section\" data-settings=\"{&quot;background_background&quot;:&quot;classic&quot;}\">\n\t\t\t\t\t\t<div class=\"elementor-container elementor-column-gap-default\">\n\t\t\t\t\t<div class=\"elementor-column elementor-col-100 elementor-top-column elementor-element elementor-element-a85b727\" data-id=\"a85b727\" data-element_type=\"column\">\n\t\t\t<div class=\"elementor-widget-wrap elementor-element-populated\">\n\t\t\t\t\t\t\t\t<section class=\"elementor-section elementor-inner-section elementor-element elementor-element-6394f87 elementor-section-boxed elementor-section-height-default elementor-section-height-default\" data-id=\"6394f87\" data-element_type=\"section\">\n\t\t\t\t\t\t<div class=\"elementor-container elementor-column-gap-default\">\n\t\t\t\t\t<div class=\"elementor-column elementor-col-50 elementor-inner-column elementor-element elementor-element-c2335e1\" data-id=\"c2335e1\" data-element_type=\"column\">\n\t\t\t<div class=\"elementor-widget-wrap elementor-element-populated\">\n\t\t\t\t\t\t\t\t<div class=\"elementor-element elementor-element-b74d2a2 elementor-widget elementor-widget-image\" data-id=\"b74d2a2\" data-element_type=\"widget\" data-widget_type=\"image.default\">\n\t\t\t\t<div class=\"elementor-widget-container\">\n\t\t\t\t\t\t\t\t\t\t\t\t\t\t\t<img decoding=\"async\" width=\"683\" height=\"1024\" src=\"https:\/\/isoleringsmaskinen.dk\/wp-content\/uploads\/2023\/01\/iso-1000-5-Lille-683x1024.jpg\" class=\"attachment-large size-large wp-image-2017\" alt=\"Din p\u00e5lidelige danske producent af isoleringsmaskiner fremstillet til professionelle i alle brancher\" srcset=\"https:\/\/isoleringsmaskinen.dk\/wp-content\/uploads\/2023\/01\/iso-1000-5-Lille-683x1024.jpg 683w, https:\/\/isoleringsmaskinen.dk\/wp-content\/uploads\/2023\/01\/iso-1000-5-Lille-200x300.jpg 200w, https:\/\/isoleringsmaskinen.dk\/wp-content\/uploads\/2023\/01\/iso-1000-5-Lille-768x1151.jpg 768w, https:\/\/isoleringsmaskinen.dk\/wp-content\/uploads\/2023\/01\/iso-1000-5-Lille-1025x1536.jpg 1025w, https:\/\/isoleringsmaskinen.dk\/wp-content\/uploads\/2023\/01\/iso-1000-5-Lille-1366x2048.jpg 1366w, https:\/\/isoleringsmaskinen.dk\/wp-content\/uploads\/2023\/01\/iso-1000-5-Lille-600x899.jpg 600w, https:\/\/isoleringsmaskinen.dk\/wp-content\/uploads\/2023\/01\/iso-1000-5-Lille.jpg 1401w\" sizes=\"(max-width: 683px) 100vw, 683px\" \/>\t\t\t\t\t\t\t\t\t\t\t\t\t\t\t<\/div>\n\t\t\t\t<\/div>\n\t\t\t\t\t<\/div>\n\t\t<\/div>\n\t\t\t\t<div class=\"elementor-column elementor-col-50 elementor-inner-column elementor-element elementor-element-ba5f6d9\" data-id=\"ba5f6d9\" data-element_type=\"column\">\n\t\t\t<div class=\"elementor-widget-wrap elementor-element-populated\">\n\t\t\t\t\t\t\t\t<div class=\"elementor-element elementor-element-1321196 elementor-icon-list--layout-traditional elementor-list-item-link-full_width elementor-widget elementor-widget-icon-list\" data-id=\"1321196\" data-element_type=\"widget\" data-widget_type=\"icon-list.default\">\n\t\t\t\t<div class=\"elementor-widget-container\">\n\t\t\t\t\t<ul class=\"elementor-icon-list-items\">\n\t\t\t\t\t\t\t<li class=\"elementor-icon-list-item\">\n\t\t\t\t\t\t\t\t\t\t\t<a href=\"https:\/\/isoleringsmaskinen.dk\/wp-content\/uploads\/2023\/03\/MANUAL_1000_2800_DK1.pdf\" target=\"_blank\" rel=\"nofollow\">\n\n\t\t\t\t\t\t\t\t\t\t\t\t<span class=\"elementor-icon-list-icon\">\n\t\t\t\t\t\t\t<i aria-hidden=\"true\" class=\"fas fa-download\"><\/i>\t\t\t\t\t\t<\/span>\n\t\t\t\t\t\t\t\t\t\t<span class=\"elementor-icon-list-text\">Mode d\u2019emploi \/ manuel<\/span>\n\t\t\t\t\t\t\t\t\t\t\t<\/a>\n\t\t\t\t\t\t\t\t\t<\/li>\n\t\t\t\t\t\t<\/ul>\n\t\t\t\t<\/div>\n\t\t\t\t<\/div>\n\t\t\t\t<div class=\"elementor-element elementor-element-10fb563 elementor-widget elementor-widget-heading\" data-id=\"10fb563\" data-element_type=\"widget\" data-widget_type=\"heading.default\">\n\t\t\t\t<div class=\"elementor-widget-container\">\n\t\t\t<h1 class=\"elementor-heading-title elementor-size-default\">ISOPRO1 1000 machine d\u2019isolation<\/h1>\t\t<\/div>\n\t\t\t\t<\/div>\n\t\t\t\t<div class=\"elementor-element elementor-element-cd590cc elementor-widget elementor-widget-text-editor\" data-id=\"cd590cc\" data-element_type=\"widget\" data-widget_type=\"text-editor.default\">\n\t\t\t\t<div class=\"elementor-widget-container\">\n\t\t\t\t\t\t\t<p>Cette machine d\u2019isolation est con\u00e7ue pour l\u2019artisan tr\u00e8s occup\u00e9. La machine est transportable avec de grandes roues. Elle est conviviale et efficace. La machine 230 volts la plus puissante du march\u00e9 (13 amp\u00e8res) avec un seul ventilateur.\u00a0<\/p>\t\t\t\t\t\t<\/div>\n\t\t\t\t<\/div>\n\t\t\t\t<div class=\"elementor-element elementor-element-5f33650 elementor-widget__width-auto elementor-widget-tablet__width-inherit elementor-widget-mobile__width-inherit elementor-widget elementor-widget-heading\" data-id=\"5f33650\" data-element_type=\"widget\" data-widget_type=\"heading.default\">\n\t\t\t\t<div class=\"elementor-widget-container\">\n\t\t\t<h2 class=\"elementor-heading-title elementor-size-default\">52.900,-<\/h2>\t\t<\/div>\n\t\t\t\t<\/div>\n\t\t\t\t<div class=\"elementor-element elementor-element-a592941 elementor-widget__width-auto elementor-widget-tablet__width-inherit elementor-widget-mobile__width-inherit elementor-widget elementor-widget-heading\" data-id=\"a592941\" data-element_type=\"widget\" data-widget_type=\"heading.default\">\n\t\t\t\t<div class=\"elementor-widget-container\">\n\t\t\t<h2 class=\"elementor-heading-title elementor-size-default\">77 900,-<\/h2>\t\t<\/div>\n\t\t\t\t<\/div>\n\t\t\t\t<div class=\"elementor-element elementor-element-531539c elementor-widget__width-auto elementor-widget elementor-widget-text-editor\" data-id=\"531539c\" data-element_type=\"widget\" data-widget_type=\"text-editor.default\">\n\t\t\t\t<div class=\"elementor-widget-container\">\n\t\t\t\t\t\t\t<p><strong><span class=\"FP_price\"><span class=\"ui-provider ec brc brd bre brf brg brh bri brj brk brl brm brn bro brp brq brr brs brt bru brv brw brx bry brz bsa bsb bsc bsd bse bsf bsg bsh bsi bsj\" dir=\"ltr\">\u20ac 7.100<\/span>,-<\/span><\/strong><br \/><span class=\"FP_leasing_price\">Une TVA suppl\u00e9mentaire peut \u00eatre appliqu\u00e9e<\/span><\/p>\t\t\t\t\t\t<\/div>\n\t\t\t\t<\/div>\n\t\t\t\t<div class=\"elementor-element elementor-element-2131856 bestilButt elementor-align-left elementor-widget__width-auto elementor-widget-mobile__width-inherit elementor-widget elementor-widget-button\" data-id=\"2131856\" data-element_type=\"widget\" data-widget_type=\"button.default\">\n\t\t\t\t<div class=\"elementor-widget-container\">\n\t\t\t\t\t<div class=\"elementor-button-wrapper\">\n\t\t\t<a class=\"elementor-button elementor-button-link elementor-size-md\" href=\"\/fr\/kontakt\/\">\n\t\t\t\t\t\t<span class=\"elementor-button-content-wrapper\">\n\t\t\t\t\t\t<span class=\"elementor-button-text\">Commandez la machine<\/span>\n\t\t<\/span>\n\t\t\t\t\t<\/a>\n\t\t<\/div>\n\t\t\t\t<\/div>\n\t\t\t\t<\/div>\n\t\t\t\t<div class=\"elementor-element elementor-element-850fc1f bestilButt elementor-align-left elementor-widget__width-auto elementor-widget-mobile__width-inherit elementor-widget elementor-widget-button\" data-id=\"850fc1f\" data-element_type=\"widget\" data-widget_type=\"button.default\">\n\t\t\t\t<div class=\"elementor-widget-container\">\n\t\t\t\t\t<div class=\"elementor-button-wrapper\">\n\t\t\t<a class=\"elementor-button elementor-button-link elementor-size-md\" href=\"\/fr\/kontakt\/\">\n\t\t\t\t\t\t<span class=\"elementor-button-content-wrapper\">\n\t\t\t\t\t\t<span class=\"elementor-button-text\">Des questions ?<\/span>\n\t\t<\/span>\n\t\t\t\t\t<\/a>\n\t\t<\/div>\n\t\t\t\t<\/div>\n\t\t\t\t<\/div>\n\t\t\t\t<section class=\"elementor-section elementor-inner-section elementor-element elementor-element-b998be3 elementor-section-boxed elementor-section-height-default elementor-section-height-default\" data-id=\"b998be3\" data-element_type=\"section\" data-settings=\"{&quot;background_background&quot;:&quot;classic&quot;}\">\n\t\t\t\t\t\t<div class=\"elementor-container elementor-column-gap-default\">\n\t\t\t\t\t<div class=\"elementor-column elementor-col-50 elementor-inner-column elementor-element elementor-element-1fd3ea4\" data-id=\"1fd3ea4\" data-element_type=\"column\">\n\t\t\t<div class=\"elementor-widget-wrap elementor-element-populated\">\n\t\t\t\t\t\t\t\t<div class=\"elementor-element elementor-element-e6484e8 elementor-widget elementor-widget-heading\" data-id=\"e6484e8\" data-element_type=\"widget\" data-no-translation=\"\" data-widget_type=\"heading.default\">\n\t\t\t\t<div class=\"elementor-widget-container\">\n\t\t\t<style>.elementor-element-e6484e8{display:none !important}<\/style>\t\t<\/div>\n\t\t\t\t<\/div>\n\t\t\t\t<div class=\"elementor-element elementor-element-54b8ba1e elementor-widget elementor-widget-shortcode\" data-id=\"54b8ba1e\" data-element_type=\"widget\" data-no-translation=\"\" data-widget_type=\"shortcode.default\">\n\t\t\t\t<div class=\"elementor-widget-container\">\n\t\t\t<style>.elementor-element-54b8ba1e{display:none !important}<\/style>\t\t<\/div>\n\t\t\t\t<\/div>\n\t\t\t\t\t<\/div>\n\t\t<\/div>\n\t\t\t\t<div class=\"elementor-column elementor-col-50 elementor-inner-column elementor-element elementor-element-25c9ff1\" data-id=\"25c9ff1\" data-element_type=\"column\">\n\t\t\t<div class=\"elementor-widget-wrap elementor-element-populated\">\n\t\t\t\t\t\t\t\t<div class=\"elementor-element elementor-element-6c0df00 elementor-widget elementor-widget-heading\" data-id=\"6c0df00\" data-element_type=\"widget\" data-widget_type=\"heading.default\">\n\t\t\t\t<div class=\"elementor-widget-container\">\n\t\t\t<h5 class=\"elementor-heading-title elementor-size-default\">D\u00e9couvrez la machine en action.<\/h5>\t\t<\/div>\n\t\t\t\t<\/div>\n\t\t\t\t<div class=\"elementor-element elementor-element-5f66b5c elementor-widget elementor-widget-video\" data-id=\"5f66b5c\" data-element_type=\"widget\" data-settings=\"{&quot;video_type&quot;:&quot;hosted&quot;,&quot;controls&quot;:&quot;yes&quot;}\" data-widget_type=\"video.default\">\n\t\t\t\t<div class=\"elementor-widget-container\">\n\t\t\t\t\t<div class=\"e-hosted-video elementor-wrapper elementor-open-inline\">\n\t\t\t\t\t<video class=\"elementor-video\" src=\"https:\/\/isoleringsmaskinen.dk\/wp-content\/uploads\/2023\/02\/Isopro1-1000_deflicker_compressed.mp4\" controls=\"\" preload=\"metadata\" controlslist=\"nodownload\"><\/video>\n\t\t\t\t<\/div>\n\t\t\t\t<\/div>\n\t\t\t\t<\/div>\n\t\t\t\t\t<\/div>\n\t\t<\/div>\n\t\t\t\t\t\t\t<\/div>\n\t\t<\/section>\n\t\t\t\t\t<\/div>\n\t\t<\/div>\n\t\t\t\t\t\t\t<\/div>\n\t\t<\/section>\n\t\t\t\t<section class=\"elementor-section elementor-inner-section elementor-element elementor-element-b80528e elementor-section-boxed elementor-section-height-default elementor-section-height-default\" data-id=\"b80528e\" data-element_type=\"section\">\n\t\t\t\t\t\t<div class=\"elementor-container elementor-column-gap-default\">\n\t\t\t\t\t<div class=\"elementor-column elementor-col-33 elementor-inner-column elementor-element elementor-element-4103b2b\" data-id=\"4103b2b\" data-element_type=\"column\">\n\t\t\t<div class=\"elementor-widget-wrap elementor-element-populated\">\n\t\t\t\t\t\t\t\t<div class=\"elementor-element elementor-element-3f46eba8 elementor-widget elementor-widget-shortcode\" data-id=\"3f46eba8\" data-element_type=\"widget\" data-widget_type=\"shortcode.default\">\n\t\t\t\t<div class=\"elementor-widget-container\">\n\t\t\t\t\t<div class=\"elementor-shortcode\">\n<table id=\"tablepress-9\" class=\"tablepress tablepress-id-9\">\n<thead>\n<tr class=\"row-1\">\n\t<th class=\"column-1\">Sp\u00e9cifications<\/th><th class=\"column-2\"><\/th>\n<\/tr>\n<\/thead>\n<tbody class=\"row-hover\">\n<tr class=\"row-2\">\n\t<td class=\"column-1\">Poids<\/td><td class=\"column-2\">160 kg<\/td>\n<\/tr>\n<tr class=\"row-3\">\n\t<td class=\"column-1\">Dimensions \/ cm<br \/>\n(L x P x H)\t<\/td><td class=\"column-2\"><br \/>\n55x72x171<\/td>\n<\/tr>\n<tr class=\"row-4\">\n\t<td class=\"column-1\">Sas d\u2019air\t<\/td><td class=\"column-2\">19x53 cm<br \/>\n<\/td>\n<\/tr>\n<tr class=\"row-5\">\n\t<td class=\"column-1\">Moteur de soufflante<\/td><td class=\"column-2\">1 \u00d7 hautes performances<br \/>\n\u00e0 variation continue<br \/>\n<\/td>\n<\/tr>\n<tr class=\"row-6\">\n\t<td class=\"column-1\">Motor\u00e9ducteur<\/td><td class=\"column-2\">1,1 kW<\/td>\n<\/tr>\n<tr class=\"row-7\">\n\t<td class=\"column-1\">Raccord de tuyau\t<\/td><td class=\"column-2\">76 mm<br \/>\n<\/td>\n<\/tr>\n<tr class=\"row-8\">\n\t<td class=\"column-1\">Zone de travail<\/td><td class=\"column-2\">Jusqu\u2019\u00e0 120 m<br \/>\n<\/td>\n<\/tr>\n<\/tbody>\n<\/table>\n<\/div>\n\t\t\t\t<\/div>\n\t\t\t\t<\/div>\n\t\t\t\t\t<\/div>\n\t\t<\/div>\n\t\t\t\t<div class=\"elementor-column elementor-col-33 elementor-inner-column elementor-element elementor-element-5de9b9a\" data-id=\"5de9b9a\" data-element_type=\"column\">\n\t\t\t<div class=\"elementor-widget-wrap elementor-element-populated\">\n\t\t\t\t\t\t\t\t<div class=\"elementor-element elementor-element-35e4d03e elementor-widget elementor-widget-shortcode\" data-id=\"35e4d03e\" data-element_type=\"widget\" data-widget_type=\"shortcode.default\">\n\t\t\t\t<div class=\"elementor-widget-container\">\n\t\t\t\t\t<div class=\"elementor-shortcode\">\n<table id=\"tablepress-10\" class=\"tablepress tablepress-id-10\">\n<thead>\n<tr class=\"row-1\">\n\t<th class=\"column-1\">Capacit\u00e9 max. Capacit\u00e9<\/th><th class=\"column-2\">kg\/h<\/th>\n<\/tr>\n<\/thead>\n<tbody class=\"row-hover\">\n<tr class=\"row-2\">\n\t<td class=\"column-1\">Laine de verre<\/td><td class=\"column-2\">550 kg<\/td>\n<\/tr>\n<tr class=\"row-3\">\n\t<td class=\"column-1\">Ouate de cellulose<br \/>\n<\/td><td class=\"column-2\">900 kg<br \/>\n<\/td>\n<\/tr>\n<tr class=\"row-4\">\n\t<td class=\"column-1\">Laine de roche<\/td><td class=\"column-2\">460 kg<\/td>\n<\/tr>\n<tr class=\"row-5\">\n\t<td class=\"column-1\">Fibre de bois<br \/>\n<\/td><td class=\"column-2\">500 kg<br \/>\n<\/td>\n<\/tr>\n<\/tbody>\n<\/table>\n<\/div>\n\t\t\t\t<\/div>\n\t\t\t\t<\/div>\n\t\t\t\t\t<\/div>\n\t\t<\/div>\n\t\t\t\t<div class=\"elementor-column elementor-col-33 elementor-inner-column elementor-element elementor-element-80f68ea\" data-id=\"80f68ea\" data-element_type=\"column\">\n\t\t\t<div class=\"elementor-widget-wrap elementor-element-populated\">\n\t\t\t\t\t\t\t\t<div class=\"elementor-element elementor-element-555c69f1 elementor-widget elementor-widget-shortcode\" data-id=\"555c69f1\" data-element_type=\"widget\" data-widget_type=\"shortcode.default\">\n\t\t\t\t<div class=\"elementor-widget-container\">\n\t\t\t\t\t<div class=\"elementor-shortcode\">\n<table id=\"tablepress-11\" class=\"tablepress tablepress-id-11\">\n<thead>\n<tr class=\"row-1\">\n\t<th class=\"column-1\">Accessoires inclus :<\/th>\n<\/tr>\n<\/thead>\n<tbody class=\"row-hover\">\n<tr class=\"row-2\">\n\t<td class=\"column-1\">T\u00e9l\u00e9commande sans fil \u00e0 6 canaux<br \/>\n<\/td>\n<\/tr>\n<\/tbody>\n<\/table>\n<\/div>\n\t\t\t\t<\/div>\n\t\t\t\t<\/div>\n\t\t\t\t\t<\/div>\n\t\t<\/div>\n\t\t\t\t\t\t\t<\/div>\n\t\t<\/section>\n\t\t\t\t\t<\/div>\n\t\t<\/div>\n\t\t\t\t\t\t\t<\/div>\n\t\t<\/section>\n\t\t\t\t\t\t\t<\/div>","protected":false},"excerpt":{"rendered":"<p>Brugsanvisning\/manual ISOPRO1 1000 Isoleringsmaskine Isoleringsmaskinen er fremstillet til den travle h\u00e5ndv\u00e6rker. Maskinen er transportabel med store hjul. Den er brugervenlig og effektiv. Markedets kraftigste 230 volt maskine (13 ampere) med \u00e9n bl\u00e6ser.\u00a0 52.900,- \u20ac 7.100,-Additional VAT&#8217;s may apply Bestil maskinen Stil et sp\u00f8rgsm\u00e5l Vil du lease maskinen? Se maskinen i brug https:\/\/isoleringsmaskinen.dk\/wp-content\/uploads\/2023\/02\/Isopro1-1000_deflicker_compressed.mp4<\/p>","protected":false},"author":1,"featured_media":0,"parent":117,"menu_order":0,"comment_status":"closed","ping_status":"closed","template":"","meta":{"footnotes":""},"class_list":["post-1696","page","type-page","status-publish","hentry"],"_links":{"self":[{"href":"https:\/\/isoleringsmaskinen.dk\/fr\/wp-json\/wp\/v2\/pages\/1696","targetHints":{"allow":["GET"]}}],"collection":[{"href":"https:\/\/isoleringsmaskinen.dk\/fr\/wp-json\/wp\/v2\/pages"}],"about":[{"href":"https:\/\/isoleringsmaskinen.dk\/fr\/wp-json\/wp\/v2\/types\/page"}],"author":[{"embeddable":true,"href":"https:\/\/isoleringsmaskinen.dk\/fr\/wp-json\/wp\/v2\/users\/1"}],"replies":[{"embeddable":true,"href":"https:\/\/isoleringsmaskinen.dk\/fr\/wp-json\/wp\/v2\/comments?post=1696"}],"version-history":[{"count":93,"href":"https:\/\/isoleringsmaskinen.dk\/fr\/wp-json\/wp\/v2\/pages\/1696\/revisions"}],"predecessor-version":[{"id":5360,"href":"https:\/\/isoleringsmaskinen.dk\/fr\/wp-json\/wp\/v2\/pages\/1696\/revisions\/5360"}],"up":[{"embeddable":true,"href":"https:\/\/isoleringsmaskinen.dk\/fr\/wp-json\/wp\/v2\/pages\/117"}],"wp:attachment":[{"href":"https:\/\/isoleringsmaskinen.dk\/fr\/wp-json\/wp\/v2\/media?parent=1696"}],"curies":[{"name":"wp","href":"https:\/\/api.w.org\/{rel}","templated":true}]}}