{"id":3,"date":"2021-03-17T11:14:20","date_gmt":"2021-03-17T11:14:20","guid":{"rendered":"https:\/\/isoleringsmaskinen.dk\/?page_id=3"},"modified":"2024-02-14T10:26:58","modified_gmt":"2024-02-14T09:26:58","slug":"privacy-policy","status":"publish","type":"page","link":"https:\/\/isoleringsmaskinen.dk\/fr\/privacy-policy\/","title":{"rendered":"Cookie og privatlivspolitik"},"content":{"rendered":"<div data-elementor-type=\"wp-page\" data-elementor-id=\"3\" class=\"elementor elementor-3\" data-elementor-post-type=\"page\">\n\t\t\t\t\t\t\t\t\t<section class=\"elementor-section elementor-top-section elementor-element elementor-element-4a81bde9 elementor-section-boxed elementor-section-height-default elementor-section-height-default\" data-id=\"4a81bde9\" data-element_type=\"section\">\n\t\t\t\t\t\t<div class=\"elementor-container elementor-column-gap-default\">\n\t\t\t\t\t<div class=\"elementor-column elementor-col-100 elementor-top-column elementor-element elementor-element-3738b5ae\" data-id=\"3738b5ae\" data-element_type=\"column\">\n\t\t\t<div class=\"elementor-widget-wrap elementor-element-populated\">\n\t\t\t\t\t\t\t\t<div class=\"elementor-element elementor-element-5a2c4039 elementor-widget elementor-widget-text-editor\" data-id=\"5a2c4039\" data-element_type=\"widget\" data-widget_type=\"text-editor.default\">\n\t\t\t\t<div class=\"elementor-widget-container\">\n\t\t\t\t\t\t\t<h1>Politique de confidentialit\u00e9<\/h1><p>En tant que visiteur de notre site web, vous \u00eates entre de bonnes mains. Vous trouverez ci-dessous notre politique en mati\u00e8re de donn\u00e9es, qui d\u00e9crit les informations que nous recueillons pour garantir l'exp\u00e9rience de l'utilisateur sur notre site. En outre, nous expliquons pourquoi vous pouvez naviguer sur notre site en toute tranquillit\u00e9, sans craindre que nous n'abusions de vos empreintes num\u00e9riques sur le site.<\/p><h2>Cookies<\/h2><p>Nous utilisons des cookies sur notre site web, qui sont des donn\u00e9es stock\u00e9es sur votre appareil (ordinateur, mobile, tablette, etc.). Ces donn\u00e9es ont pour but de reconna\u00eetre votre appareil et d'am\u00e9liorer la convivialit\u00e9 en m\u00e9morisant les param\u00e8tres, en ciblant les publicit\u00e9s, etc.<\/p><p>Il est possible de supprimer vos cookies ou de les bloquer.<br \/>Toutefois, si vous supprimez ou bloquez vos cookies, les publicit\u00e9s que vous verrez ne seront pas aussi pertinentes pour vous. En outre, les publicit\u00e9s vous seront pr\u00e9sent\u00e9es plus souvent.<\/p><h3>Guides pour la suppression des cookies<\/h3><p id=\"howto-title\"><span style=\"color: #000080;\"><a style=\"color: #000080;\" href=\"https:\/\/support.apple.com\/da-dk\/guide\/safari\/sfri11471\/mac\" target=\"_blank\" rel=\"noopener\">Supprimer les cookies de Safari sur votre Mac\u00a0<\/a><\/span><br \/><span style=\"color: #000080;\"><a style=\"color: #000080;\" href=\"https:\/\/support.apple.com\/da-dk\/105082\" target=\"_blank\" rel=\"noopener\">Supprimer les cookies de Safari sur votre iPhone, iPad ou iPod touch<\/a><\/span><br \/><span style=\"color: #000080;\"><a style=\"color: #000080;\" href=\"https:\/\/support.google.com\/chrome\/answer\/95647\" target=\"_blank\" rel=\"noopener\">Supprimer les cookies de Google Chrome sur les appareils Android<\/a><\/span><br \/><span style=\"color: #000080;\"><a style=\"color: #000080;\" href=\"https:\/\/support.google.com\/chrome\/answer\/95647?co=GENIE.Platform%3DDesktop&amp;hl=da&amp;oco=0\" target=\"_blank\" rel=\"noopener\">Supprimer les cookies de Google Chrome sur votre ordinateur<\/a><\/span><br \/><a href=\"https:\/\/support.microsoft.com\/da-dk\/microsoft-edge\/f%C3%A5-vist-og-slet-browserdata-i-microsoft-edge-00cf7943-a9e1-975a-a33d-ac10ce454ca4\" target=\"_blank\" rel=\"noopener\"><span style=\"color: #000080;\">Supprimer les cookies pour Microsoft Edge sur votre ordinateur<\/span><\/a><\/p><p>Notre site web contient des cookies provenant de certains des organismes suivants <span style=\"color: #000080;\"><a style=\"color: #000080;\" href=\"https:\/\/online-tryghed.dk\/hyppige-tredjeparter-ved-digital-annoncering\/\" target=\"_blank\" rel=\"noopener\">Les tiers les plus fr\u00e9quents<\/a><\/span>.<\/p><h2><strong>Donn\u00e9es personnelles<\/strong><\/h2><p>Lorsque vous acc\u00e9dez \u00e0 notre site web, vos donn\u00e9es personnelles sont enregistr\u00e9es. Les donn\u00e9es personnelles sont des informations qui permettent de vous identifier. Il peut s'agir par exemple des informations sur votre ordinateur ou votre t\u00e9l\u00e9phone portable, votre num\u00e9ro IP, votre localisation g\u00e9ographique et votre navigation sur le site. Ces informations peuvent \u00eatre utilis\u00e9es dans le cadre de lettres d'information, de concours, d'enqu\u00eates, etc.<\/p><p>Si vous donnez votre accord et saisissez votre nom, votre adresse \u00e9lectronique, votre adresse, votre num\u00e9ro de t\u00e9l\u00e9phone et vos informations de paiement, ces informations peuvent \u00e9galement \u00eatre trait\u00e9es. En r\u00e8gle g\u00e9n\u00e9rale, ces informations ne seront disponibles que lors de la cr\u00e9ation d'un achat ou d'un login.<\/p><h3><strong>Finalit\u00e9 du stockage des donn\u00e9es<\/strong><\/h3><p>L'objectif de ces informations est de vous identifier en tant qu'utilisateur afin de maximiser la pertinence des publicit\u00e9s que vous voyez. En outre, ces informations sont utilis\u00e9es pour enregistrer les achats et les paiements et pour garantir que les services que vous demandez sont fournis correctement - par exemple, les bulletins d'information, les annonces, etc.<\/p><h3><strong>Mesures de s\u00e9curit\u00e9<\/strong><\/h3><p>Des mesures techniques et organisationnelles ont \u00e9t\u00e9 prises pour garantir que les informations que nous d\u00e9tenons ne seront pas supprim\u00e9es, publi\u00e9es, manipul\u00e9es, alt\u00e9r\u00e9es ou utilis\u00e9es \u00e0 mauvais escient en violation de la loi.<\/p><h3><strong>D\u00e9lai de conservation des donn\u00e9es<\/strong><\/h3><p>Les donn\u00e9es sont conserv\u00e9es pendant la p\u00e9riode autoris\u00e9e par la loi. Elles sont effac\u00e9es lorsqu'il n'est plus n\u00e9cessaire de les conserver. La p\u00e9riode de conservation d\u00e9pend des donn\u00e9es et de la raison de la conservation - il n'est donc pas possible de pr\u00e9ciser la dur\u00e9e g\u00e9n\u00e9rale de cette p\u00e9riode.<\/p><h3><strong>Divulgation d'informations \u00e0 des tiers<br \/><\/strong><\/h3><p>Les informations connues sont transmises \u00e0 un certain nombre de tiers. Ces tiers traitent les donn\u00e9es en notre nom et ne peuvent pas les utiliser \u00e0 leurs propres fins. Comme indiqu\u00e9 pr\u00e9c\u00e9demment, les donn\u00e9es personnelles telles que le nom, l'adresse \u00e9lectronique, l'adresse postale, etc. ne seront divulgu\u00e9es que si le consentement a \u00e9t\u00e9 donn\u00e9 \u00e0 cet effet.<br \/>Nos sous-traitants sont exclusivement des entreprises situ\u00e9es dans l'UE ou dans des pays qui ont des exigences en mati\u00e8re de protection ad\u00e9quate de vos donn\u00e9es.<\/p><h3><strong>Acc\u00e8s \u00e0 l'information et plaintes<\/strong><\/h3><p>Vous avez toujours le droit de savoir exactement quelles sont les donn\u00e9es personnelles que nous traitons \u00e0 votre sujet. En outre, vous pouvez \u00e0 tout moment refuser que ces donn\u00e9es soient utilis\u00e9es. Vous pouvez \u00e9galement retirer votre consentement au traitement de vos donn\u00e9es personnelles. Si les donn\u00e9es trait\u00e9es sont incorrectes, vous avez le droit de les faire effacer ou rectifier. Pour ce faire, vous pouvez vous adresser \u00e0 <a href=\"https:\/\/isoleringsmaskinen.dk\/fr\/kontakt\/\">Contactez nous<\/a> \u00e0 l'adresse suivante : iso@isoleringsmaskinen.dk.<\/p><p>Si vous estimez que le traitement de vos donn\u00e9es personnelles est incorrect et que vous souhaitez vous plaindre, vous pouvez contacter<span style=\"color: #000080;\">\u00a0<\/span><a href=\"https:\/\/www.datatilsynet.dk\/\" target=\"_blank\" rel=\"noopener\"><span style=\"color: #000080;\">Autorit\u00e9 de protection des donn\u00e9es<\/span><\/a>.<\/p><h2><strong>\u00c9diteur<\/strong><\/h2><p>Le site web est d\u00e9tenu et publi\u00e9 par :<\/p><p>Isoleringsmaskinen A\/S<br \/>Route des forges 24<br \/>DK-4180 Sor\u00f8, Danemark<br \/>T\u00e9l\u00e9phone : (+45) 31 36 62 86 86<br \/>Courriel : iso@isoleringsmaskinen.dk<br \/>CVR : 39 11 86 45<\/p>\t\t\t\t\t\t<\/div>\n\t\t\t\t<\/div>\n\t\t\t\t\t<\/div>\n\t\t<\/div>\n\t\t\t\t\t\t\t<\/div>\n\t\t<\/section>\n\t\t\t\t\t\t\t<\/div>","protected":false},"excerpt":{"rendered":"<p>Privatlivspolitik Som bes\u00f8gende p\u00e5 vores website er du i sikre h\u00e6nder. Nedenfor fremg\u00e5r vores datapolitik, som omhandler de oplysninger vi indsamler for at sikre brugeroplevelsen p\u00e5 vores side. Ydermere beskriver vi, hvorfor du med ro i sj\u00e6len kan navigere rundt p\u00e5 vores side uden at bekymre dig om, om vi misbruger dine digitale fodspor p\u00e5 [&hellip;]<\/p>","protected":false},"author":1,"featured_media":0,"parent":0,"menu_order":0,"comment_status":"closed","ping_status":"open","template":"","meta":{"footnotes":""},"class_list":["post-3","page","type-page","status-publish","hentry"],"_links":{"self":[{"href":"https:\/\/isoleringsmaskinen.dk\/fr\/wp-json\/wp\/v2\/pages\/3","targetHints":{"allow":["GET"]}}],"collection":[{"href":"https:\/\/isoleringsmaskinen.dk\/fr\/wp-json\/wp\/v2\/pages"}],"about":[{"href":"https:\/\/isoleringsmaskinen.dk\/fr\/wp-json\/wp\/v2\/types\/page"}],"author":[{"embeddable":true,"href":"https:\/\/isoleringsmaskinen.dk\/fr\/wp-json\/wp\/v2\/users\/1"}],"replies":[{"embeddable":true,"href":"https:\/\/isoleringsmaskinen.dk\/fr\/wp-json\/wp\/v2\/comments?post=3"}],"version-history":[{"count":17,"href":"https:\/\/isoleringsmaskinen.dk\/fr\/wp-json\/wp\/v2\/pages\/3\/revisions"}],"predecessor-version":[{"id":4892,"href":"https:\/\/isoleringsmaskinen.dk\/fr\/wp-json\/wp\/v2\/pages\/3\/revisions\/4892"}],"wp:attachment":[{"href":"https:\/\/isoleringsmaskinen.dk\/fr\/wp-json\/wp\/v2\/media?parent=3"}],"curies":[{"name":"wp","href":"https:\/\/api.w.org\/{rel}","templated":true}]}}