{"id":1575,"date":"2022-02-08T11:15:01","date_gmt":"2022-02-08T10:15:01","guid":{"rendered":"https:\/\/isoleringsmaskinen.dk\/?post_type=product&#038;p=1575"},"modified":"2023-07-07T10:34:31","modified_gmt":"2023-07-07T09:34:31","slug":"reduktionsroer-63-51-mm","status":"publish","type":"product","link":"https:\/\/isoleringsmaskinen.dk\/fr\/product\/reduktionsroer-63-51-mm\/","title":{"rendered":"Tuyau de r\u00e9duction"},"content":{"rendered":"<p>Reduktionsr\u00f8r st\u00e5l 63-51 mm<\/p>","protected":false},"excerpt":{"rendered":"<p>63-51 mm<\/p>","protected":false},"featured_media":1576,"comment_status":"open","ping_status":"closed","template":"","meta":[],"product_cat":[147],"product_tag":[],"class_list":["post-1575","product","type-product","status-publish","has-post-thumbnail","hentry","product_cat-reduktionsroer"],"_links":{"self":[{"href":"https:\/\/isoleringsmaskinen.dk\/fr\/wp-json\/wp\/v2\/product\/1575","targetHints":{"allow":["GET"]}}],"collection":[{"href":"https:\/\/isoleringsmaskinen.dk\/fr\/wp-json\/wp\/v2\/product"}],"about":[{"href":"https:\/\/isoleringsmaskinen.dk\/fr\/wp-json\/wp\/v2\/types\/product"}],"replies":[{"embeddable":true,"href":"https:\/\/isoleringsmaskinen.dk\/fr\/wp-json\/wp\/v2\/comments?post=1575"}],"version-history":[{"count":1,"href":"https:\/\/isoleringsmaskinen.dk\/fr\/wp-json\/wp\/v2\/product\/1575\/revisions"}],"predecessor-version":[{"id":1931,"href":"https:\/\/isoleringsmaskinen.dk\/fr\/wp-json\/wp\/v2\/product\/1575\/revisions\/1931"}],"wp:featuredmedia":[{"embeddable":true,"href":"https:\/\/isoleringsmaskinen.dk\/fr\/wp-json\/wp\/v2\/media\/1576"}],"wp:attachment":[{"href":"https:\/\/isoleringsmaskinen.dk\/fr\/wp-json\/wp\/v2\/media?parent=1575"}],"wp:term":[{"taxonomy":"product_cat","embeddable":true,"href":"https:\/\/isoleringsmaskinen.dk\/fr\/wp-json\/wp\/v2\/product_cat?post=1575"},{"taxonomy":"product_tag","embeddable":true,"href":"https:\/\/isoleringsmaskinen.dk\/fr\/wp-json\/wp\/v2\/product_tag?post=1575"}],"curies":[{"name":"wp","href":"https:\/\/api.w.org\/{rel}","templated":true}]}}