{"id":2283,"date":"2023-02-24T09:37:41","date_gmt":"2023-02-24T08:37:41","guid":{"rendered":"https:\/\/isoleringsmaskinen.dk\/?post_type=product&#038;p=2283"},"modified":"2024-10-09T14:43:57","modified_gmt":"2024-10-09T13:43:57","slug":"indblaesningsslange-oe63-mm-pur","status":"publish","type":"product","link":"https:\/\/isoleringsmaskinen.dk\/fr\/product\/indblaesningsslange-oe63-mm-pur\/","title":{"rendered":"Tuyau de soufflage \u00d863 mm PUR"},"content":{"rendered":"<p>Tuyau d'insufflation pur \u00d863 mm\/15 m, souple et nervur\u00e9 \u00e0 l'int\u00e9rieur, adapt\u00e9 \u00e0 l'arrachage suppl\u00e9mentaire de la laine de verre. Les tuyaux sont antistatiques et trait\u00e9s contre les microbes.<\/p>","protected":false},"excerpt":{"rendered":"<p>Diam\u00e8tre 63 mm, 15 m\u00e8tres.<\/p>","protected":false},"featured_media":2284,"comment_status":"open","ping_status":"closed","template":"","meta":[],"product_cat":[145,171],"product_tag":[153],"class_list":["post-2283","product","type-product","status-publish","has-post-thumbnail","hentry","product_cat-indblaesningsslanger","product_cat-pur_slanger","product_tag-indblaesningsslange-oe63-mm-staal"],"_links":{"self":[{"href":"https:\/\/isoleringsmaskinen.dk\/fr\/wp-json\/wp\/v2\/product\/2283","targetHints":{"allow":["GET"]}}],"collection":[{"href":"https:\/\/isoleringsmaskinen.dk\/fr\/wp-json\/wp\/v2\/product"}],"about":[{"href":"https:\/\/isoleringsmaskinen.dk\/fr\/wp-json\/wp\/v2\/types\/product"}],"replies":[{"embeddable":true,"href":"https:\/\/isoleringsmaskinen.dk\/fr\/wp-json\/wp\/v2\/comments?post=2283"}],"version-history":[{"count":3,"href":"https:\/\/isoleringsmaskinen.dk\/fr\/wp-json\/wp\/v2\/product\/2283\/revisions"}],"predecessor-version":[{"id":4509,"href":"https:\/\/isoleringsmaskinen.dk\/fr\/wp-json\/wp\/v2\/product\/2283\/revisions\/4509"}],"wp:featuredmedia":[{"embeddable":true,"href":"https:\/\/isoleringsmaskinen.dk\/fr\/wp-json\/wp\/v2\/media\/2284"}],"wp:attachment":[{"href":"https:\/\/isoleringsmaskinen.dk\/fr\/wp-json\/wp\/v2\/media?parent=2283"}],"wp:term":[{"taxonomy":"product_cat","embeddable":true,"href":"https:\/\/isoleringsmaskinen.dk\/fr\/wp-json\/wp\/v2\/product_cat?post=2283"},{"taxonomy":"product_tag","embeddable":true,"href":"https:\/\/isoleringsmaskinen.dk\/fr\/wp-json\/wp\/v2\/product_tag?post=2283"}],"curies":[{"name":"wp","href":"https:\/\/api.w.org\/{rel}","templated":true}]}}