{"id":2287,"date":"2023-02-24T09:40:46","date_gmt":"2023-02-24T08:40:46","guid":{"rendered":"https:\/\/isoleringsmaskinen.dk\/?post_type=product&#038;p=2287"},"modified":"2023-10-20T10:12:32","modified_gmt":"2023-10-20T09:12:32","slug":"indblaesningsslange-oe76-mm-pur","status":"publish","type":"product","link":"https:\/\/isoleringsmaskinen.dk\/fr\/product\/indblaesningsslange-oe76-mm-pur\/","title":{"rendered":"Tuyau de soufflage \u00d876 mm PUR"},"content":{"rendered":"<p>Tuyau de soufflage pur \u00d876 mm\/15 m, souple et nervur\u00e9 \u00e0 l'int\u00e9rieur, adapt\u00e9 \u00e0 la d\u00e9chirure suppl\u00e9mentaire de la laine de verre. Les tuyaux sont antistatiques et micro-trait\u00e9s.<\/p>","protected":false},"excerpt":{"rendered":"<p>Diam\u00e8tre 76 mm, 15 m\u00e8tres.<\/p>","protected":false},"featured_media":2288,"comment_status":"open","ping_status":"closed","template":"","meta":[],"product_cat":[145,171],"product_tag":[154],"class_list":["post-2287","product","type-product","status-publish","has-post-thumbnail","hentry","product_cat-indblaesningsslanger","product_cat-pur_slanger","product_tag-indblaesningsslange-oe76-mm-staal"],"_links":{"self":[{"href":"https:\/\/isoleringsmaskinen.dk\/fr\/wp-json\/wp\/v2\/product\/2287","targetHints":{"allow":["GET"]}}],"collection":[{"href":"https:\/\/isoleringsmaskinen.dk\/fr\/wp-json\/wp\/v2\/product"}],"about":[{"href":"https:\/\/isoleringsmaskinen.dk\/fr\/wp-json\/wp\/v2\/types\/product"}],"replies":[{"embeddable":true,"href":"https:\/\/isoleringsmaskinen.dk\/fr\/wp-json\/wp\/v2\/comments?post=2287"}],"version-history":[{"count":4,"href":"https:\/\/isoleringsmaskinen.dk\/fr\/wp-json\/wp\/v2\/product\/2287\/revisions"}],"predecessor-version":[{"id":2360,"href":"https:\/\/isoleringsmaskinen.dk\/fr\/wp-json\/wp\/v2\/product\/2287\/revisions\/2360"}],"wp:featuredmedia":[{"embeddable":true,"href":"https:\/\/isoleringsmaskinen.dk\/fr\/wp-json\/wp\/v2\/media\/2288"}],"wp:attachment":[{"href":"https:\/\/isoleringsmaskinen.dk\/fr\/wp-json\/wp\/v2\/media?parent=2287"}],"wp:term":[{"taxonomy":"product_cat","embeddable":true,"href":"https:\/\/isoleringsmaskinen.dk\/fr\/wp-json\/wp\/v2\/product_cat?post=2287"},{"taxonomy":"product_tag","embeddable":true,"href":"https:\/\/isoleringsmaskinen.dk\/fr\/wp-json\/wp\/v2\/product_tag?post=2287"}],"curies":[{"name":"wp","href":"https:\/\/api.w.org\/{rel}","templated":true}]}}