{"id":1924,"date":"2023-01-11T09:21:43","date_gmt":"2023-01-11T08:21:43","guid":{"rendered":"https:\/\/isoleringsmaskinen.dk\/refundering_returvarer\/"},"modified":"2024-02-14T10:22:29","modified_gmt":"2024-02-14T09:22:29","slug":"salgs-og-leveringsbetingelser","status":"publish","type":"page","link":"https:\/\/isoleringsmaskinen.dk\/no\/salgs-og-leveringsbetingelser\/","title":{"rendered":"Salgs- og leveringsbetingelser"},"content":{"rendered":"<div data-elementor-type=\"wp-page\" data-elementor-id=\"1924\" class=\"elementor elementor-1924\" data-elementor-post-type=\"page\">\n\t\t\t\t\t\t\t\t\t<section class=\"elementor-section elementor-top-section elementor-element elementor-element-2cc0a217 elementor-section-boxed elementor-section-height-default elementor-section-height-default\" data-id=\"2cc0a217\" data-element_type=\"section\">\n\t\t\t\t\t\t<div class=\"elementor-container elementor-column-gap-default\">\n\t\t\t\t\t<div class=\"elementor-column elementor-col-100 elementor-top-column elementor-element elementor-element-40bbc9a5\" data-id=\"40bbc9a5\" data-element_type=\"column\">\n\t\t\t<div class=\"elementor-widget-wrap elementor-element-populated\">\n\t\t\t\t\t\t\t\t<div class=\"elementor-element elementor-element-4bfa02a8 elementor-widget elementor-widget-text-editor\" data-id=\"4bfa02a8\" data-element_type=\"widget\" data-widget_type=\"text-editor.default\">\n\t\t\t\t<div class=\"elementor-widget-container\">\n\t\t\t\t\t\t\t<h1>Salgs- og leveringsbetingelser for ISOLERINGSMASKINEN A\/S<\/h1><p>Gyldig fra 1. august 2019<\/p><h3>1. Innledning:<\/h3><p class=\"h1 h2 h3 p{margin: 0 10px;}\">Disse vilk\u00e5rene gjelder for alle tilbud, salg, ordrebekreftelser og leveranser, med mindre annet er skriftlig avtalt mellom Selger og Kj\u00f8per Selger: <a href=\"https:\/\/isoleringsmaskinen.dk\/no\/\"><span style=\"color: #000080;\">ISOLINGSMASKINEN A\/S<\/span><\/a>Mottakeren av varer og tjenester levert av ISOLERINGSMASKINEN A\/S betegnes i det f\u00f8lgende som kj\u00f8peren.<\/p><h3>2. Tilbud, priser og levering:<\/h3><p>Alle priser oppgitt i tilbud, ordre og bekreftelser er i danske kroner (DKK), eksklusive merverdiavgift, transport, emballasje og eventuelle offentlige avgifter, med mindre annet er skriftlig avtalt med selger.<\/p><p>Tilbud fra Selger uten angitt frist bortfaller etter 6 uker fra den dag tilbudet er avsendt. Avtaler om endringer eller tillegg til den opprinnelige avtalen er ikke bindende for Selger uten skriftlig samtykke fra Selger.<\/p><p>Kj\u00f8pers bestillinger og ordre av enhver art er f\u00f8rst bindende for Selger n\u00e5r Kj\u00f8per har mottatt skriftlig ordrebekreftelse fra Selger.<\/p><p>Med mindre annet er skriftlig avtalt, skal levering skje ab fabrikk eller ab lager. I henhold til disse vilk\u00e5rene kan maskiner og tilbeh\u00f8r i noen tilfeller sendes fra eksterne leverand\u00f8rer. All frakt, inkludert eventuell fraktfri levering, skjer p\u00e5 kj\u00f8pers risiko, og det er kj\u00f8pers ansvar \u00e5 holde leveransen forsikret.<\/p><h3>3. Betalingsbetingelser:<\/h3><p>Med mindre annet er skriftlig avtalt, skal betaling skje i henhold til betalingsbetingelsene som er trykt p\u00e5 fakturaen. Ved manglende rettidig betaling p\u00e5l\u00f8per morarenter p\u00e5 2 % pr. p\u00e5begynt m\u00e5ned samt et purregebyr p\u00e5 DKK 100,00 pr. purring. Kreditt kan kun innvilges etter skriftlig avtale med Selger. Dersom Kj\u00f8pers betalingsevne anses som usikker, kan Selger kreve sikkerhet for salg av varer. Eventuelle motkrav fra kj\u00f8peren kan ikke begrunne manglende betaling uten selgerens skriftlige aksept.<\/p><h3>4. Forbehold om eiendomsrett:<\/h3><p>Eiendomsretten til leverte maskiner og tilbeh\u00f8r tilh\u00f8rer Selger og g\u00e5r ikke over p\u00e5 Kj\u00f8per f\u00f8r hele kj\u00f8pesummen er betalt.<\/p><h3>5. Feil og utelatelser:<\/h3><p>Ved eventuelle mangler m\u00e5 Kj\u00f8per reklamere skriftlig til Selger innen 8 dager etter mottak av de tilsendte varene. Kj\u00f8peren mister retten til \u00e5 p\u00e5berope seg mangler ved de kj\u00f8pte varene dersom reklamasjonen ikke er fremsatt innen 12 m\u00e5neder etter mottak, maksimalt 18 m\u00e5neder etter levering. Selger er ikke i noe tilfelle ansvarlig for Kj\u00f8pers driftstap, tapt fortjeneste eller annet indirekte tap.<\/p><h3>M\u00f8tested:<\/h3><p>Eventuelle tvister mellom Selger og Kj\u00f8per skal avgj\u00f8res ved voldgift, med mindre ISOLERINGSMASKINEN A\/S bestemmer at tvisten skal avgj\u00f8res ved de alminnelige danske domstoler.<\/p><h3>Ytterligere merknader:<\/h3><p>Vi gj\u00f8r oppmerksom p\u00e5 at i tillegg til ovennevnte gjelder GENERELLE LEVERINGSBETINGELSER NL 92 for leveranser av maskiner og annet mekanisk, elektrisk og elektronisk utstyr mellom Danmark, Finland, Norge og Sverige og innen disse landene.<\/p><h3 class=\"has-text-align-center\"><strong>Kontakt oss<\/strong><\/h3><p class=\"has-text-align-center\">Isoleringsmaskinen A\/S Smedevej 24 - 4180 Sor\u00f8 - CVR nr.: 39118645<br \/>Tlf: 31366286 - Mail: iso@isoleringsmaskinen.dk<br \/>Bank: Nordea - Kontonr.: 2233 \/ 4394366116 - IBAN nr: DK3020004394366116 - SWIFT-kode: NDEADKKK<\/p>\t\t\t\t\t\t<\/div>\n\t\t\t\t<\/div>\n\t\t\t\t\t<\/div>\n\t\t<\/div>\n\t\t\t\t\t\t\t<\/div>\n\t\t<\/section>\n\t\t\t\t\t\t\t<\/div>","protected":false},"excerpt":{"rendered":"<p>Salgs- og leveringsbetingelser\u00a0for ISOLERINGSMASKINEN A\/S G\u00e6ldende fra 1. august 2019 1. Indledning: N\u00e6rv\u00e6rende salgs-og leveringsbetingelser er g\u00e6ldende for alle tilbud, salg, ordrebekr\u00e6ftelser samt leverancer, medmindre andet er skriftligt aftalt mellem S\u00e6lger og K\u00f8ber S\u00e6lger: ISOLERINGSMASKINEN A\/S, betegnes herefter som S\u00e6lger K\u00f8ber: Modtageren af varer og ydelser leveret af ISOLERINGSMASKINEN A\/S betegnes herefter som K\u00f8ber. 2. [&hellip;]<\/p>","protected":false},"author":1,"featured_media":0,"parent":0,"menu_order":0,"comment_status":"closed","ping_status":"closed","template":"","meta":{"footnotes":""},"class_list":["post-1924","page","type-page","status-publish","hentry"],"_links":{"self":[{"href":"https:\/\/isoleringsmaskinen.dk\/no\/wp-json\/wp\/v2\/pages\/1924","targetHints":{"allow":["GET"]}}],"collection":[{"href":"https:\/\/isoleringsmaskinen.dk\/no\/wp-json\/wp\/v2\/pages"}],"about":[{"href":"https:\/\/isoleringsmaskinen.dk\/no\/wp-json\/wp\/v2\/types\/page"}],"author":[{"embeddable":true,"href":"https:\/\/isoleringsmaskinen.dk\/no\/wp-json\/wp\/v2\/users\/1"}],"replies":[{"embeddable":true,"href":"https:\/\/isoleringsmaskinen.dk\/no\/wp-json\/wp\/v2\/comments?post=1924"}],"version-history":[{"count":32,"href":"https:\/\/isoleringsmaskinen.dk\/no\/wp-json\/wp\/v2\/pages\/1924\/revisions"}],"predecessor-version":[{"id":4474,"href":"https:\/\/isoleringsmaskinen.dk\/no\/wp-json\/wp\/v2\/pages\/1924\/revisions\/4474"}],"wp:attachment":[{"href":"https:\/\/isoleringsmaskinen.dk\/no\/wp-json\/wp\/v2\/media?parent=1924"}],"curies":[{"name":"wp","href":"https:\/\/api.w.org\/{rel}","templated":true}]}}