{"id":1585,"date":"2022-02-08T11:21:33","date_gmt":"2022-02-08T10:21:33","guid":{"rendered":"https:\/\/isoleringsmaskinen.dk\/?post_type=product&#038;p=1585"},"modified":"2023-07-05T13:24:44","modified_gmt":"2023-07-05T12:24:44","slug":"samlestykke-oe102x150-mm","status":"publish","type":"product","link":"https:\/\/isoleringsmaskinen.dk\/no\/product\/samlestykke-oe102x150-mm\/","title":{"rendered":"Samlestykke"},"content":{"rendered":"<p>St\u00e5lkontakt \u00d8102\u00d7150 mm<\/p>","protected":false},"excerpt":{"rendered":"<p>\u00d8102\u00d7150 mm<\/p>","protected":false},"featured_media":1581,"comment_status":"open","ping_status":"closed","template":"","meta":[],"product_cat":[148],"product_tag":[],"class_list":["post-1585","product","type-product","status-publish","has-post-thumbnail","hentry","product_cat-samlestykker"],"_links":{"self":[{"href":"https:\/\/isoleringsmaskinen.dk\/no\/wp-json\/wp\/v2\/product\/1585","targetHints":{"allow":["GET"]}}],"collection":[{"href":"https:\/\/isoleringsmaskinen.dk\/no\/wp-json\/wp\/v2\/product"}],"about":[{"href":"https:\/\/isoleringsmaskinen.dk\/no\/wp-json\/wp\/v2\/types\/product"}],"replies":[{"embeddable":true,"href":"https:\/\/isoleringsmaskinen.dk\/no\/wp-json\/wp\/v2\/comments?post=1585"}],"version-history":[{"count":1,"href":"https:\/\/isoleringsmaskinen.dk\/no\/wp-json\/wp\/v2\/product\/1585\/revisions"}],"predecessor-version":[{"id":1925,"href":"https:\/\/isoleringsmaskinen.dk\/no\/wp-json\/wp\/v2\/product\/1585\/revisions\/1925"}],"wp:featuredmedia":[{"embeddable":true,"href":"https:\/\/isoleringsmaskinen.dk\/no\/wp-json\/wp\/v2\/media\/1581"}],"wp:attachment":[{"href":"https:\/\/isoleringsmaskinen.dk\/no\/wp-json\/wp\/v2\/media?parent=1585"}],"wp:term":[{"taxonomy":"product_cat","embeddable":true,"href":"https:\/\/isoleringsmaskinen.dk\/no\/wp-json\/wp\/v2\/product_cat?post=1585"},{"taxonomy":"product_tag","embeddable":true,"href":"https:\/\/isoleringsmaskinen.dk\/no\/wp-json\/wp\/v2\/product_tag?post=1585"}],"curies":[{"name":"wp","href":"https:\/\/api.w.org\/{rel}","templated":true}]}}