{"id":2287,"date":"2023-02-24T09:40:46","date_gmt":"2023-02-24T08:40:46","guid":{"rendered":"https:\/\/isoleringsmaskinen.dk\/?post_type=product&#038;p=2287"},"modified":"2023-10-20T10:12:32","modified_gmt":"2023-10-20T09:12:32","slug":"indblaesningsslange-oe76-mm-pur","status":"publish","type":"product","link":"https:\/\/isoleringsmaskinen.dk\/no\/product\/indblaesningsslange-oe76-mm-pur\/","title":{"rendered":"Innbl\u00e5sningsslange \u00d876 mm PUR"},"content":{"rendered":"<p>Pur indbl\u00e6sningsslange \u00d876 mm\/15 m , bl\u00f8d og riflet indv. velegnet til ekstra oprivning af glasuld. Slangerne er antistatiske og mikrobehandlet.<\/p>","protected":false},"excerpt":{"rendered":"<p>Diameter 76 mm, 15 meter.<\/p>","protected":false},"featured_media":2288,"comment_status":"open","ping_status":"closed","template":"","meta":[],"product_cat":[145,171],"product_tag":[154],"class_list":["post-2287","product","type-product","status-publish","has-post-thumbnail","hentry","product_cat-indblaesningsslanger","product_cat-pur_slanger","product_tag-indblaesningsslange-oe76-mm-staal"],"_links":{"self":[{"href":"https:\/\/isoleringsmaskinen.dk\/no\/wp-json\/wp\/v2\/product\/2287","targetHints":{"allow":["GET"]}}],"collection":[{"href":"https:\/\/isoleringsmaskinen.dk\/no\/wp-json\/wp\/v2\/product"}],"about":[{"href":"https:\/\/isoleringsmaskinen.dk\/no\/wp-json\/wp\/v2\/types\/product"}],"replies":[{"embeddable":true,"href":"https:\/\/isoleringsmaskinen.dk\/no\/wp-json\/wp\/v2\/comments?post=2287"}],"version-history":[{"count":4,"href":"https:\/\/isoleringsmaskinen.dk\/no\/wp-json\/wp\/v2\/product\/2287\/revisions"}],"predecessor-version":[{"id":2360,"href":"https:\/\/isoleringsmaskinen.dk\/no\/wp-json\/wp\/v2\/product\/2287\/revisions\/2360"}],"wp:featuredmedia":[{"embeddable":true,"href":"https:\/\/isoleringsmaskinen.dk\/no\/wp-json\/wp\/v2\/media\/2288"}],"wp:attachment":[{"href":"https:\/\/isoleringsmaskinen.dk\/no\/wp-json\/wp\/v2\/media?parent=2287"}],"wp:term":[{"taxonomy":"product_cat","embeddable":true,"href":"https:\/\/isoleringsmaskinen.dk\/no\/wp-json\/wp\/v2\/product_cat?post=2287"},{"taxonomy":"product_tag","embeddable":true,"href":"https:\/\/isoleringsmaskinen.dk\/no\/wp-json\/wp\/v2\/product_tag?post=2287"}],"curies":[{"name":"wp","href":"https:\/\/api.w.org\/{rel}","templated":true}]}}