{"id":2291,"date":"2023-02-24T09:43:19","date_gmt":"2023-02-24T08:43:19","guid":{"rendered":"https:\/\/isoleringsmaskinen.dk\/?post_type=product&#038;p=2291"},"modified":"2023-10-20T10:17:00","modified_gmt":"2023-10-20T09:17:00","slug":"indblaesningsslange-oe102-mm-pur","status":"publish","type":"product","link":"https:\/\/isoleringsmaskinen.dk\/no\/product\/indblaesningsslange-oe102-mm-pur\/","title":{"rendered":"Innbl\u00e5sningsslange \u00d8102 mm PUR"},"content":{"rendered":"<p>Pur indbl\u00e6sningsslange \u00d8102 mm\/15 m , bl\u00f8d og riflet indv. velegnet til ekstra oprivning af glasuld. Slangerne er antistatiske og mikrobe-behandlet.<\/p>","protected":false},"excerpt":{"rendered":"<p>Diameter 102 mm, 15 meter.<\/p>","protected":false},"featured_media":2292,"comment_status":"open","ping_status":"closed","template":"","meta":[],"product_cat":[145,171],"product_tag":[155],"class_list":["post-2291","product","type-product","status-publish","has-post-thumbnail","hentry","product_cat-indblaesningsslanger","product_cat-pur_slanger","product_tag-indblaesningsslange-oe102-mm-staal"],"_links":{"self":[{"href":"https:\/\/isoleringsmaskinen.dk\/no\/wp-json\/wp\/v2\/product\/2291","targetHints":{"allow":["GET"]}}],"collection":[{"href":"https:\/\/isoleringsmaskinen.dk\/no\/wp-json\/wp\/v2\/product"}],"about":[{"href":"https:\/\/isoleringsmaskinen.dk\/no\/wp-json\/wp\/v2\/types\/product"}],"replies":[{"embeddable":true,"href":"https:\/\/isoleringsmaskinen.dk\/no\/wp-json\/wp\/v2\/comments?post=2291"}],"version-history":[{"count":6,"href":"https:\/\/isoleringsmaskinen.dk\/no\/wp-json\/wp\/v2\/product\/2291\/revisions"}],"predecessor-version":[{"id":4508,"href":"https:\/\/isoleringsmaskinen.dk\/no\/wp-json\/wp\/v2\/product\/2291\/revisions\/4508"}],"wp:featuredmedia":[{"embeddable":true,"href":"https:\/\/isoleringsmaskinen.dk\/no\/wp-json\/wp\/v2\/media\/2292"}],"wp:attachment":[{"href":"https:\/\/isoleringsmaskinen.dk\/no\/wp-json\/wp\/v2\/media?parent=2291"}],"wp:term":[{"taxonomy":"product_cat","embeddable":true,"href":"https:\/\/isoleringsmaskinen.dk\/no\/wp-json\/wp\/v2\/product_cat?post=2291"},{"taxonomy":"product_tag","embeddable":true,"href":"https:\/\/isoleringsmaskinen.dk\/no\/wp-json\/wp\/v2\/product_tag?post=2291"}],"curies":[{"name":"wp","href":"https:\/\/api.w.org\/{rel}","templated":true}]}}