{"id":1686,"date":"2022-08-03T13:20:20","date_gmt":"2022-08-03T12:20:20","guid":{"rendered":"https:\/\/isoleringsmaskinen.dk\/?page_id=1686"},"modified":"2025-10-23T14:22:43","modified_gmt":"2025-10-23T13:22:43","slug":"isopro1-300","status":"publish","type":"page","link":"https:\/\/isoleringsmaskinen.dk\/pl\/isopro\/isopro1-300\/","title":{"rendered":"IsoPro1 300"},"content":{"rendered":"<div data-elementor-type=\"wp-page\" data-elementor-id=\"1686\" class=\"elementor elementor-1686\" data-elementor-post-type=\"page\">\n\t\t\t\t\t\t\t\t\t<section class=\"elementor-section elementor-top-section elementor-element elementor-element-0ebec70 elementor-section-boxed elementor-section-height-default elementor-section-height-default\" data-id=\"0ebec70\" data-element_type=\"section\" data-settings=\"{&quot;background_background&quot;:&quot;classic&quot;}\">\n\t\t\t\t\t\t<div class=\"elementor-container elementor-column-gap-default\">\n\t\t\t\t\t<div class=\"elementor-column elementor-col-100 elementor-top-column elementor-element elementor-element-54dd319\" data-id=\"54dd319\" data-element_type=\"column\">\n\t\t\t<div class=\"elementor-widget-wrap elementor-element-populated\">\n\t\t\t\t\t\t\t\t<section class=\"elementor-section elementor-inner-section elementor-element elementor-element-d6265f1 elementor-section-boxed elementor-section-height-default elementor-section-height-default\" data-id=\"d6265f1\" data-element_type=\"section\">\n\t\t\t\t\t\t<div class=\"elementor-container elementor-column-gap-default\">\n\t\t\t\t\t<div class=\"elementor-column elementor-col-50 elementor-inner-column elementor-element elementor-element-f30e6ee\" data-id=\"f30e6ee\" data-element_type=\"column\">\n\t\t\t<div class=\"elementor-widget-wrap elementor-element-populated\">\n\t\t\t\t\t\t\t\t<div class=\"elementor-element elementor-element-d230bfe elementor-widget elementor-widget-image\" data-id=\"d230bfe\" data-element_type=\"widget\" data-widget_type=\"image.default\">\n\t\t\t\t<div class=\"elementor-widget-container\">\n\t\t\t\t\t\t\t\t\t\t\t\t\t\t\t<img decoding=\"async\" width=\"320\" height=\"500\" src=\"https:\/\/isoleringsmaskinen.dk\/wp-content\/uploads\/2023\/01\/iso-300-1-1-Lille-e1673530266801.jpg\" class=\"attachment-large size-large wp-image-1974\" alt=\"Din p\u00e5lidelige danske producent af isoleringsmaskiner fremstillet til professionelle i alle brancher\" srcset=\"https:\/\/isoleringsmaskinen.dk\/wp-content\/uploads\/2023\/01\/iso-300-1-1-Lille-e1673530266801.jpg 320w, https:\/\/isoleringsmaskinen.dk\/wp-content\/uploads\/2023\/01\/iso-300-1-1-Lille-e1673530266801-192x300.jpg 192w\" sizes=\"(max-width: 320px) 100vw, 320px\" \/>\t\t\t\t\t\t\t\t\t\t\t\t\t\t\t<\/div>\n\t\t\t\t<\/div>\n\t\t\t\t\t<\/div>\n\t\t<\/div>\n\t\t\t\t<div class=\"elementor-column elementor-col-50 elementor-inner-column elementor-element elementor-element-02a7624\" data-id=\"02a7624\" data-element_type=\"column\">\n\t\t\t<div class=\"elementor-widget-wrap elementor-element-populated\">\n\t\t\t\t\t\t\t\t<div class=\"elementor-element elementor-element-7a5b217 elementor-list-item-link-full_width elementor-widget elementor-widget-icon-list\" data-id=\"7a5b217\" data-element_type=\"widget\" data-widget_type=\"icon-list.default\">\n\t\t\t\t<div class=\"elementor-widget-container\">\n\t\t\t\t\t<ul class=\"elementor-icon-list-items\">\n\t\t\t\t\t\t\t<li class=\"elementor-icon-list-item\">\n\t\t\t\t\t\t\t\t\t\t\t<a href=\"https:\/\/isoleringsmaskinen.dk\/index.php\/product\/isopro1-300\/?attachment_id=926&amp;download_file=k0euhtsvis53r\" target=\"_blank\" rel=\"nofollow\">\n\n\t\t\t\t\t\t\t\t\t\t\t\t<span class=\"elementor-icon-list-icon\">\n\t\t\t\t\t\t\t<i aria-hidden=\"true\" class=\"fas fa-download\"><\/i>\t\t\t\t\t\t<\/span>\n\t\t\t\t\t\t\t\t\t\t<span class=\"elementor-icon-list-text\">Instrukcja obs\u0142ugi \/ manual<\/span>\n\t\t\t\t\t\t\t\t\t\t\t<\/a>\n\t\t\t\t\t\t\t\t\t<\/li>\n\t\t\t\t\t\t<\/ul>\n\t\t\t\t<\/div>\n\t\t\t\t<\/div>\n\t\t\t\t<div class=\"elementor-element elementor-element-e5b59e6 elementor-widget elementor-widget-heading\" data-id=\"e5b59e6\" data-element_type=\"widget\" data-widget_type=\"heading.default\">\n\t\t\t\t<div class=\"elementor-widget-container\">\n\t\t\t<h1 class=\"elementor-heading-title elementor-size-default\">ISOPRO1 300 maszyna do izolacji<\/h1>\t\t<\/div>\n\t\t\t\t<\/div>\n\t\t\t\t<div class=\"elementor-element elementor-element-5037936 elementor-widget elementor-widget-text-editor\" data-id=\"5037936\" data-element_type=\"widget\" data-widget_type=\"text-editor.default\">\n\t\t\t\t<div class=\"elementor-widget-container\">\n\t\t\t\t\t\t\t<p>Du\u0144ska maszyna do izolacji na k\u00f3\u0142kach, zaprojektowana tak, aby mo\u017cna j\u0105 by\u0142o \u0142atwo transportowa\u0107 samochodem lub przyczep\u0105. Jest to najmniejsza maszyna z serii IsoPro, ale wyj\u0105tkowo wytrzyma\u0142a, szczeg\u00f3lnie odpowiednia dla rzemie\u015blnik\u00f3w do mniejszych prac izolacyjnych oraz jako maszyna do wynajmu. Zu\u017cywa tylko 230 V (10 amper\u00f3w).\u00a0<\/p>\t\t\t\t\t\t<\/div>\n\t\t\t\t<\/div>\n\t\t\t\t<div class=\"elementor-element elementor-element-4ec8e9d elementor-widget__width-auto elementor-widget-tablet__width-inherit elementor-widget-mobile__width-inherit elementor-widget elementor-widget-heading\" data-id=\"4ec8e9d\" data-element_type=\"widget\" data-widget_type=\"heading.default\">\n\t\t\t\t<div class=\"elementor-widget-container\">\n\t\t\t<h2 class=\"elementor-heading-title elementor-size-default\">27.900,-<\/h2>\t\t<\/div>\n\t\t\t\t<\/div>\n\t\t\t\t<div class=\"elementor-element elementor-element-d33765e elementor-widget__width-auto elementor-widget elementor-widget-text-editor\" data-id=\"d33765e\" data-element_type=\"widget\" data-widget_type=\"text-editor.default\">\n\t\t\t\t<div class=\"elementor-widget-container\">\n\t\t\t\t\t\t\t<p><strong><span class=\"FP_price\"><span class=\"ui-provider ec brc brd bre brf brg brh bri brj brk brl brm brn bro brp brq brr brs brt bru brv brw brx bry brz bsa bsb bsc bsd bse bsf bsg bsh bsi bsj\" dir=\"ltr\">\u20ac <\/span>3.738,-<\/span><\/strong><br \/><span class=\"FP_leasing_price\">Mog\u0105 obowi\u0105zywa\u0107 dodatkowe podatki VAT<\/span><\/p>\t\t\t\t\t\t<\/div>\n\t\t\t\t<\/div>\n\t\t\t\t<div class=\"elementor-element elementor-element-f36fe68 bestilButt elementor-align-left elementor-widget__width-auto elementor-widget-mobile__width-inherit elementor-widget elementor-widget-button\" data-id=\"f36fe68\" data-element_type=\"widget\" data-widget_type=\"button.default\">\n\t\t\t\t<div class=\"elementor-widget-container\">\n\t\t\t\t\t<div class=\"elementor-button-wrapper\">\n\t\t\t<a class=\"elementor-button elementor-button-link elementor-size-md\" href=\"\/pl\/kontakt\/\">\n\t\t\t\t\t\t<span class=\"elementor-button-content-wrapper\">\n\t\t\t\t\t\t<span class=\"elementor-button-text\">Zam\u00f3w maszyn\u0119<\/span>\n\t\t<\/span>\n\t\t\t\t\t<\/a>\n\t\t<\/div>\n\t\t\t\t<\/div>\n\t\t\t\t<\/div>\n\t\t\t\t<div class=\"elementor-element elementor-element-3f6c16d bestilButt elementor-align-left elementor-widget__width-auto elementor-widget-mobile__width-inherit elementor-widget elementor-widget-button\" data-id=\"3f6c16d\" data-element_type=\"widget\" data-widget_type=\"button.default\">\n\t\t\t\t<div class=\"elementor-widget-container\">\n\t\t\t\t\t<div class=\"elementor-button-wrapper\">\n\t\t\t<a class=\"elementor-button elementor-button-link elementor-size-md\" href=\"\/pl\/kontakt\/\">\n\t\t\t\t\t\t<span class=\"elementor-button-content-wrapper\">\n\t\t\t\t\t\t<span class=\"elementor-button-text\">Zadaj pytanie<\/span>\n\t\t<\/span>\n\t\t\t\t\t<\/a>\n\t\t<\/div>\n\t\t\t\t<\/div>\n\t\t\t\t<\/div>\n\t\t\t\t<section class=\"elementor-section elementor-inner-section elementor-element elementor-element-4d2155e elementor-section-boxed elementor-section-height-default elementor-section-height-default\" data-id=\"4d2155e\" data-element_type=\"section\" data-settings=\"{&quot;background_background&quot;:&quot;classic&quot;}\">\n\t\t\t\t\t\t<div class=\"elementor-container elementor-column-gap-default\">\n\t\t\t\t\t<div class=\"elementor-column elementor-col-50 elementor-inner-column elementor-element elementor-element-eb8b69d\" data-id=\"eb8b69d\" data-element_type=\"column\">\n\t\t\t<div class=\"elementor-widget-wrap elementor-element-populated\">\n\t\t\t\t\t\t\t\t<div class=\"elementor-element elementor-element-6a7b859 elementor-widget elementor-widget-heading\" data-id=\"6a7b859\" data-element_type=\"widget\" data-no-translation=\"\" data-widget_type=\"heading.default\">\n\t\t\t\t<div class=\"elementor-widget-container\">\n\t\t\t<style>.elementor-element-6a7b859{display:none !important}<\/style>\t\t<\/div>\n\t\t\t\t<\/div>\n\t\t\t\t<div class=\"elementor-element elementor-element-9d04083 elementor-widget elementor-widget-shortcode\" data-id=\"9d04083\" data-element_type=\"widget\" data-no-translation=\"\" data-widget_type=\"shortcode.default\">\n\t\t\t\t<div class=\"elementor-widget-container\">\n\t\t\t<style>.elementor-element-9d04083{display:none !important}<\/style>\t\t<\/div>\n\t\t\t\t<\/div>\n\t\t\t\t\t<\/div>\n\t\t<\/div>\n\t\t\t\t<div class=\"elementor-column elementor-col-50 elementor-inner-column elementor-element elementor-element-5c75375\" data-id=\"5c75375\" data-element_type=\"column\">\n\t\t\t<div class=\"elementor-widget-wrap elementor-element-populated\">\n\t\t\t\t\t\t\t\t<div class=\"elementor-element elementor-element-a3aaacc elementor-widget elementor-widget-heading\" data-id=\"a3aaacc\" data-element_type=\"widget\" data-widget_type=\"heading.default\">\n\t\t\t\t<div class=\"elementor-widget-container\">\n\t\t\t<h5 class=\"elementor-heading-title elementor-size-default\">Zobacz maszyn\u0119 w akcji<\/h5>\t\t<\/div>\n\t\t\t\t<\/div>\n\t\t\t\t<div class=\"elementor-element elementor-element-bb0b168 elementor-widget elementor-widget-video\" data-id=\"bb0b168\" data-element_type=\"widget\" data-settings=\"{&quot;video_type&quot;:&quot;hosted&quot;,&quot;controls&quot;:&quot;yes&quot;}\" data-widget_type=\"video.default\">\n\t\t\t\t<div class=\"elementor-widget-container\">\n\t\t\t\t\t<div class=\"e-hosted-video elementor-wrapper elementor-open-inline\">\n\t\t\t\t\t<video class=\"elementor-video\" src=\"https:\/\/isoleringsmaskinen.dk\/wp-content\/uploads\/2023\/02\/Isopro1-300_deflicker_compressed.mp4\" controls=\"\" preload=\"metadata\" controlslist=\"nodownload\"><\/video>\n\t\t\t\t<\/div>\n\t\t\t\t<\/div>\n\t\t\t\t<\/div>\n\t\t\t\t\t<\/div>\n\t\t<\/div>\n\t\t\t\t\t\t\t<\/div>\n\t\t<\/section>\n\t\t\t\t\t<\/div>\n\t\t<\/div>\n\t\t\t\t\t\t\t<\/div>\n\t\t<\/section>\n\t\t\t\t<section class=\"elementor-section elementor-inner-section elementor-element elementor-element-d665a9a elementor-section-boxed elementor-section-height-default elementor-section-height-default\" data-id=\"d665a9a\" data-element_type=\"section\">\n\t\t\t\t\t\t<div class=\"elementor-container elementor-column-gap-default\">\n\t\t\t\t\t<div class=\"elementor-column elementor-col-33 elementor-inner-column elementor-element elementor-element-90fc195\" data-id=\"90fc195\" data-element_type=\"column\">\n\t\t\t<div class=\"elementor-widget-wrap elementor-element-populated\">\n\t\t\t\t\t\t\t\t<div class=\"elementor-element elementor-element-f40abe8 elementor-widget elementor-widget-shortcode\" data-id=\"f40abe8\" data-element_type=\"widget\" data-widget_type=\"shortcode.default\">\n\t\t\t\t<div class=\"elementor-widget-container\">\n\t\t\t\t\t<div class=\"elementor-shortcode\">\n<table id=\"tablepress-5\" class=\"tablepress tablepress-id-5\">\n<thead>\n<tr class=\"row-1\">\n\t<th class=\"column-1\">Specyfikacje<\/th><th class=\"column-2\"><\/th>\n<\/tr>\n<\/thead>\n<tbody class=\"row-hover\">\n<tr class=\"row-2\">\n\t<td class=\"column-1\">Waga<\/td><td class=\"column-2\">99 kg<\/td>\n<\/tr>\n<tr class=\"row-3\">\n\t<td class=\"column-1\">Wymiary \/ cm (S\u00d7G\u00d7W)<\/td><td class=\"column-2\">53x68x136<\/td>\n<\/tr>\n<tr class=\"row-4\">\n\t<td class=\"column-1\">Airlock\t<\/td><td class=\"column-2\">45 cm d\u0142ugo\u015bci<br \/>\nC15 cm<\/td>\n<\/tr>\n<tr class=\"row-5\">\n\t<td class=\"column-1\">Wentylator<\/td><td class=\"column-2\">Wysokowydajny<br \/>\nBezstopniowy<br \/>\n<\/td>\n<\/tr>\n<tr class=\"row-6\">\n\t<td class=\"column-1\">Silnik z przek\u0142adni\u0105<\/td><td class=\"column-2\">0,75 kW<\/td>\n<\/tr>\n<tr class=\"row-7\">\n\t<td class=\"column-1\">Przy\u0142\u0105cze w\u0119\u017ca\t<\/td><td class=\"column-2\">63 mm<br \/>\n<\/td>\n<\/tr>\n<tr class=\"row-8\">\n\t<td class=\"column-1\">Zakres pracy<\/td><td class=\"column-2\">Do 60 m<\/td>\n<\/tr>\n<\/tbody>\n<\/table>\n<\/div>\n\t\t\t\t<\/div>\n\t\t\t\t<\/div>\n\t\t\t\t\t<\/div>\n\t\t<\/div>\n\t\t\t\t<div class=\"elementor-column elementor-col-33 elementor-inner-column elementor-element elementor-element-f4d1624\" data-id=\"f4d1624\" data-element_type=\"column\">\n\t\t\t<div class=\"elementor-widget-wrap elementor-element-populated\">\n\t\t\t\t\t\t\t\t<div class=\"elementor-element elementor-element-f138339 elementor-widget elementor-widget-shortcode\" data-id=\"f138339\" data-element_type=\"widget\" data-widget_type=\"shortcode.default\">\n\t\t\t\t<div class=\"elementor-widget-container\">\n\t\t\t\t\t<div class=\"elementor-shortcode\">\n<table id=\"tablepress-6\" class=\"tablepress tablepress-id-6\">\n<thead>\n<tr class=\"row-1\">\n\t<th class=\"column-1\">Maks. pojemno\u015b\u0107<\/th><th class=\"column-2\">kg\/godz.<\/th>\n<\/tr>\n<\/thead>\n<tbody class=\"row-hover\">\n<tr class=\"row-2\">\n\t<td class=\"column-1\">We\u0142na szklana<\/td><td class=\"column-2\">250 kg<\/td>\n<\/tr>\n<tr class=\"row-3\">\n\t<td class=\"column-1\">Celuloza izolacyjna<\/td><td class=\"column-2\">475 kg<\/td>\n<\/tr>\n<tr class=\"row-4\">\n\t<td class=\"column-1\">We\u0142na mineralna<\/td><td class=\"column-2\">400 kg<\/td>\n<\/tr>\n<tr class=\"row-5\">\n\t<td class=\"column-1\">W\u0142\u00f3kno drzewne<\/td><td class=\"column-2\">330 kg<\/td>\n<\/tr>\n<\/tbody>\n<\/table>\n<\/div>\n\t\t\t\t<\/div>\n\t\t\t\t<\/div>\n\t\t\t\t\t<\/div>\n\t\t<\/div>\n\t\t\t\t<div class=\"elementor-column elementor-col-33 elementor-inner-column elementor-element elementor-element-29de952\" data-id=\"29de952\" data-element_type=\"column\">\n\t\t\t<div class=\"elementor-widget-wrap elementor-element-populated\">\n\t\t\t\t\t\t\t\t<div class=\"elementor-element elementor-element-c8b6d89 elementor-widget elementor-widget-shortcode\" data-id=\"c8b6d89\" data-element_type=\"widget\" data-widget_type=\"shortcode.default\">\n\t\t\t\t<div class=\"elementor-widget-container\">\n\t\t\t\t\t<div class=\"elementor-shortcode\">\n<table id=\"tablepress-7\" class=\"tablepress tablepress-id-7\">\n<thead>\n<tr class=\"row-1\">\n\t<th class=\"column-1\">Do\u0142\u0105czone akcesoria:<\/th>\n<\/tr>\n<\/thead>\n<tbody class=\"row-hover\">\n<tr class=\"row-2\">\n\t<td class=\"column-1\">3-kana\u0142owy bezprzewodowy pilot<br \/>\n<\/td>\n<\/tr>\n<\/tbody>\n<\/table>\n<\/div>\n\t\t\t\t<\/div>\n\t\t\t\t<\/div>\n\t\t\t\t\t<\/div>\n\t\t<\/div>\n\t\t\t\t\t\t\t<\/div>\n\t\t<\/section>\n\t\t\t\t\t<\/div>\n\t\t<\/div>\n\t\t\t\t\t\t\t<\/div>\n\t\t<\/section>\n\t\t\t\t<section class=\"elementor-section elementor-top-section elementor-element elementor-element-4e61a5c elementor-section-boxed elementor-section-height-default elementor-section-height-default\" data-id=\"4e61a5c\" data-element_type=\"section\" data-settings=\"{&quot;background_background&quot;:&quot;classic&quot;}\">\n\t\t\t\t\t\t<div class=\"elementor-container elementor-column-gap-default\">\n\t\t\t\t\t<div class=\"elementor-column elementor-col-100 elementor-top-column elementor-element elementor-element-39aa2bf\" data-id=\"39aa2bf\" data-element_type=\"column\">\n\t\t\t<div class=\"elementor-widget-wrap elementor-element-populated\">\n\t\t\t\t\t\t\t\t<div class=\"elementor-element elementor-element-e6d9c79 elementor-widget elementor-widget-html\" data-id=\"e6d9c79\" data-element_type=\"widget\" data-widget_type=\"html.default\">\n\t\t\t\t<div class=\"elementor-widget-container\">\n\t\t\t<script type=\"application\/ld+json\">\r\n{\r\n  \"@context\": \"https:\/\/schema.org\/\", \r\n  \"@type\": \"Product\", \r\n  \"name\": \"ISOPRO1 300 Isoleringsmaskine\",\r\n  \"image\": \"https:\/\/isoleringsmaskinen.dk\/wp-content\/uploads\/2023\/01\/iso-300-1_-683x1024.jpg\",\r\n  \"description\": \"Dansk produceret isoleringsmaskine p\u00e5 hjul, konstrueret for let transport i din bil eller trailer. Det er den mindste maskine i IsoPro serien, men den er s\u00e6rdeles robust, og is\u00e6r velegnet til h\u00e5ndv\u00e6rkeren med mindre isoleringsopgaver, samt som udlejningsmaskine. Bruger kun 230V (10 ampere). Maskinen er udviklet og produceret af Isoleringsmaskinen A\/S\",\r\n  \"brand\": {\r\n    \"@type\": \"Brand\",\r\n    \"name\": \"Isopro\"\r\n  },\r\n  \"sku\": \"ISOPRO1300\",\r\n  \"offers\": {\r\n    \"@type\": \"Offer\",\r\n    \"url\": \"https:\/\/isoleringsmaskinen.dk\/isopro\/isopro1-300\/\",\r\n    \"priceCurrency\": \"DKK\",\r\n    \"price\": \"25500\",\r\n    \"availability\": \"https:\/\/schema.org\/InStock\",\r\n    \"itemCondition\": \"https:\/\/schema.org\/NewCondition\"\r\n  },\r\n  \"aggregateRating\": {\r\n    \"@type\": \"AggregateRating\",\r\n    \"ratingValue\": \"4.7\",\r\n    \"bestRating\": \"5\",\r\n    \"worstRating\": \"1\",\r\n    \"ratingCount\": \"15\"\r\n  }\r\n}\r\n<\/script>\t\t<\/div>\n\t\t\t\t<\/div>\n\t\t\t\t\t<\/div>\n\t\t<\/div>\n\t\t\t\t\t\t\t<\/div>\n\t\t<\/section>\n\t\t\t\t\t\t\t<\/div>","protected":false},"excerpt":{"rendered":"<p>Brugsanvisning\/manual ISOPRO1 300 Isoleringsmaskine Dansk produceret isoleringsmaskine p\u00e5 hjul, konstrueret for let transport i din bil eller trailer. Det er den mindste maskine i IsoPro serien, men den er s\u00e6rdeles robust, og is\u00e6r velegnet til h\u00e5ndv\u00e6rkeren med mindre isoleringsopgaver, samt som udlejningsmaskine. Bruger kun 230V (10 ampere).\u00a0 27.900,- \u20ac 3.738,-Additional VAT&#8217;s may apply Bestil maskinen [&hellip;]<\/p>","protected":false},"author":1,"featured_media":0,"parent":117,"menu_order":0,"comment_status":"closed","ping_status":"closed","template":"","meta":{"footnotes":""},"class_list":["post-1686","page","type-page","status-publish","hentry"],"_links":{"self":[{"href":"https:\/\/isoleringsmaskinen.dk\/pl\/wp-json\/wp\/v2\/pages\/1686","targetHints":{"allow":["GET"]}}],"collection":[{"href":"https:\/\/isoleringsmaskinen.dk\/pl\/wp-json\/wp\/v2\/pages"}],"about":[{"href":"https:\/\/isoleringsmaskinen.dk\/pl\/wp-json\/wp\/v2\/types\/page"}],"author":[{"embeddable":true,"href":"https:\/\/isoleringsmaskinen.dk\/pl\/wp-json\/wp\/v2\/users\/1"}],"replies":[{"embeddable":true,"href":"https:\/\/isoleringsmaskinen.dk\/pl\/wp-json\/wp\/v2\/comments?post=1686"}],"version-history":[{"count":137,"href":"https:\/\/isoleringsmaskinen.dk\/pl\/wp-json\/wp\/v2\/pages\/1686\/revisions"}],"predecessor-version":[{"id":5357,"href":"https:\/\/isoleringsmaskinen.dk\/pl\/wp-json\/wp\/v2\/pages\/1686\/revisions\/5357"}],"up":[{"embeddable":true,"href":"https:\/\/isoleringsmaskinen.dk\/pl\/wp-json\/wp\/v2\/pages\/117"}],"wp:attachment":[{"href":"https:\/\/isoleringsmaskinen.dk\/pl\/wp-json\/wp\/v2\/media?parent=1686"}],"curies":[{"name":"wp","href":"https:\/\/api.w.org\/{rel}","templated":true}]}}