{"id":240,"date":"2021-05-19T09:01:08","date_gmt":"2021-05-19T09:01:08","guid":{"rendered":"https:\/\/isoleringsmaskinen.dk\/?page_id=240"},"modified":"2025-09-25T09:23:18","modified_gmt":"2025-09-25T08:23:18","slug":"om-os","status":"publish","type":"page","link":"https:\/\/isoleringsmaskinen.dk\/pl\/om-os\/","title":{"rendered":"O nas"},"content":{"rendered":"<div data-elementor-type=\"wp-page\" data-elementor-id=\"240\" class=\"elementor elementor-240\" data-elementor-post-type=\"page\">\n\t\t\t\t\t\t\t\t\t<section class=\"elementor-section elementor-top-section elementor-element elementor-element-e42620e elementor-section-boxed elementor-section-height-default elementor-section-height-default\" data-id=\"e42620e\" data-element_type=\"section\" data-settings=\"{&quot;background_background&quot;:&quot;classic&quot;}\">\n\t\t\t\t\t\t<div class=\"elementor-container elementor-column-gap-default\">\n\t\t\t\t\t<div class=\"elementor-column elementor-col-100 elementor-top-column elementor-element elementor-element-a9fe1b6\" data-id=\"a9fe1b6\" data-element_type=\"column\">\n\t\t\t<div class=\"elementor-widget-wrap elementor-element-populated\">\n\t\t\t\t\t\t\t\t<div class=\"elementor-element elementor-element-e406363 elementor-widget elementor-widget-heading\" data-id=\"e406363\" data-element_type=\"widget\" data-widget_type=\"heading.default\">\n\t\t\t\t<div class=\"elementor-widget-container\">\n\t\t\t<h1 class=\"elementor-heading-title elementor-size-default\">O nas \u2013 Isoleringsmaskinen A\/S<\/h1>\t\t<\/div>\n\t\t\t\t<\/div>\n\t\t\t\t<div class=\"elementor-element elementor-element-cdbf4a5 elementor-widget elementor-widget-heading\" data-id=\"cdbf4a5\" data-element_type=\"widget\" data-widget_type=\"heading.default\">\n\t\t\t\t<div class=\"elementor-widget-container\">\n\t\t\t<h2 class=\"elementor-heading-title elementor-size-default\">Tak powstaj\u0105 jedne z najwydajniejszych maszyn do izolacji na \u015bwiecie<\/h2>\t\t<\/div>\n\t\t\t\t<\/div>\n\t\t\t\t<section class=\"elementor-section elementor-inner-section elementor-element elementor-element-6a76701 elementor-section-boxed elementor-section-height-default elementor-section-height-default\" data-id=\"6a76701\" data-element_type=\"section\">\n\t\t\t\t\t\t<div class=\"elementor-container elementor-column-gap-default\">\n\t\t\t\t\t<div class=\"elementor-column elementor-col-33 elementor-inner-column elementor-element elementor-element-ae280e8\" data-id=\"ae280e8\" data-element_type=\"column\">\n\t\t\t<div class=\"elementor-widget-wrap elementor-element-populated\">\n\t\t\t\t\t\t\t\t<div class=\"elementor-element elementor-element-c3ac42a elementor-widget elementor-widget-text-editor\" data-id=\"c3ac42a\" data-element_type=\"widget\" data-widget_type=\"text-editor.default\">\n\t\t\t\t<div class=\"elementor-widget-container\">\n\t\t\t\t\t\t\t<p>W 2012 roku firma Isoleringsmaskinen ApS zosta\u0142a za\u0142o\u017cona przez ojca i syna \u2013 Larsa i Tommy\u2019ego Christiansen\u00f3w. Przedsi\u0119biorstwo rozpocz\u0119\u0142o dzia\u0142alno\u015b\u0107 od importu i sprzeda\u017cy profesjonalnego sprz\u0119tu izolacyjnego dla du\u0144skich rzemie\u015blnik\u00f3w.<\/p><p>Rynek okaza\u0142 si\u0119 jednak mie\u0107 du\u017ce zapotrzebowanie na maszyny izolacyjne. Gdy popyt na mocniejsze i bardziej wydajne modele gwa\u0142townie wzr\u00f3s\u0142, zdecydowali\u015bmy si\u0119 opracowa\u0107 maszyny sami, aby sprosta\u0107 oczekiwaniom naszych klient\u00f3w.<\/p><h3>Du\u0144sko produkowane maszyny izolacyjne<\/h3><p>Rozpocz\u0119li\u015bmy rozw\u00f3j ISOPRO1 1000, \u015bredniego z naszych 4 rodzaj\u00f3w maszyn izolacyjnych.\u00a0<span style=\"background-color: var( --e-global-color-28d7cc8 );\">Z du\u017cym naciskiem na wydajno\u015b\u0107, moc i \u0142atwo\u015b\u0107 obs\u0142ugi opracowali\u015bmy najsilniejsz\u0105 na rynku maszyn\u0119 230 V (10 amper) \u2013 ISOPRO1 1000. Od tego czasu wszystko rozwija\u0142o si\u0119 bardzo dynamicznie. Obecnie w\u015br\u00f3d modeli znajduje si\u0119 ISOPRO1<a href=\"https:\/\/isoleringsmaskinen.dk\/pl\/isopro\/isopro1-300\/\"> 300<\/a> \/ <a href=\"https:\/\/isoleringsmaskinen.dk\/pl\/insulation-machines\/isopro1-1000\/\">1000<\/a> \/ <a href=\"https:\/\/isoleringsmaskinen.dk\/pl\/isopro\/isopro1-2800\/\">2800<\/a> oraz <a href=\"https:\/\/isoleringsmaskinen.dk\/pl\/isopro\/isopro1-4000\/\">4000<\/a>, wszystkie zosta\u0142y dok\u0142adnie sprawdzone i przetestowane pod k\u0105tem potrzeb, jakie zg\u0142aszaj\u0105 nasi klienci korzystaj\u0105cy z nadmuchiwaczy.<\/span><\/p><p><span style=\"font-size: 13.0pt; line-height: 107%; font-family: Raleway;\">P\u00f3\u017aniej powsta\u0142 tak\u017ce najbardziej wydajny odkurzacz do izolacji na rynku, <a href=\"https:\/\/isoleringsmaskinen.dk\/pl\/isopro\/isopro1-vac\/\">ISOPRO1 VAC<\/a>, zobaczy\u0142 \u015bwiat\u0142o dzienne.\u00a0<\/span><span style=\"background-color: var( --e-global-color-28d7cc8 ); font-family: Raleway; font-size: 13pt;\">Jest przeznaczony dla przemys\u0142u i budownictwa, produkowany w Sor\u00f8 i jest\u00a0<\/span><span style=\"font-family: Raleway; font-size: 13pt; background-color: var( --e-global-color-28d7cc8 );\">opracowany przez Isoleringsmaskinen A\/S.\u00a0<\/span><\/p>\t\t\t\t\t\t<\/div>\n\t\t\t\t<\/div>\n\t\t\t\t\t<\/div>\n\t\t<\/div>\n\t\t\t\t<div class=\"elementor-column elementor-col-33 elementor-inner-column elementor-element elementor-element-7412d79\" data-id=\"7412d79\" data-element_type=\"column\">\n\t\t\t<div class=\"elementor-widget-wrap elementor-element-populated\">\n\t\t\t\t\t\t\t\t<div class=\"elementor-element elementor-element-99d824d elementor-widget elementor-widget-text-editor\" data-id=\"99d824d\" data-element_type=\"widget\" data-widget_type=\"text-editor.default\">\n\t\t\t\t<div class=\"elementor-widget-container\">\n\t\t\t\t\t\t\t<p><span style=\"font-family: Raleway; font-size: 13pt; background-color: var( --e-global-color-28d7cc8 );\">Maszyny zosta\u0142y opracowane w ramach wspania\u0142ej lokalnej wsp\u00f3\u0142pracy i wszystkie s\u0105 produkowane\u00a0<\/span><span style=\"font-family: Raleway; font-size: 13pt; background-color: var( --e-global-color-28d7cc8 );\">w Sor\u00f8. Wszystkie cz\u0119\u015bci dostarczane s\u0105 przez du\u0144skich partner\u00f3w. To zapewnia dobr\u0105\u00a0<\/span><span style=\"font-family: Raleway; font-size: 13pt; background-color: var( --e-global-color-28d7cc8 );\">zrozumienie wzajemnych kompetencji, termin\u00f3w realizacji oraz wsp\u00f3lnego d\u0105\u017cenia do wysokiej jako\u015bci, zgodnie z wysokimi du\u0144skimi standardami.<\/span><\/p><h4>Wiedza, wola i dynamiczna wsp\u00f3\u0142praca<\/h4><p><span style=\"font-size: 13.0pt; line-height: 107%; font-family: Raleway; mso-fareast-font-family: Calibri; mso-fareast-theme-font: minor-latin; mso-bidi-font-family: 'Times New Roman'; mso-bidi-theme-font: minor-bidi; mso-ansi-language: DA; mso-fareast-language: EN-US; mso-bidi-language: AR-SA;\">W Isoleringsmaskinen k\u0142adziemy du\u017cy nacisk na obs\u0142ug\u0119 osobist\u0105, a wszystkie maszyny s\u0105 dostarczane i uruchamiane we wsp\u00f3\u0142pracy z klientem lub jego pracownikami.\u00a0\u00a0<\/span><\/p><p><span style=\"font-size: 13.0pt; line-height: 107%; font-family: Raleway; mso-fareast-font-family: Calibri; mso-fareast-theme-font: minor-latin; mso-bidi-font-family: 'Times New Roman'; mso-bidi-theme-font: minor-bidi; mso-ansi-language: DA; mso-fareast-language: EN-US; mso-bidi-language: AR-SA;\">Jako klient otrzymujesz bezp\u0142atny kurs obs\u0142ugi nadmuchiwacza wraz z odpowiednim certyfikatem. Prowadzimy r\u00f3wnie\u017c szkolenia z zakresu techniki maszyny, jej u\u017cytkowania i konserwacji.<\/span><\/p><p><span style=\"font-size: 13.0pt; line-height: 107%; font-family: Raleway; mso-fareast-font-family: Calibri; mso-fareast-theme-font: minor-latin; mso-bidi-font-family: 'Times New Roman'; mso-bidi-theme-font: minor-bidi; mso-ansi-language: DA; mso-fareast-language: EN-US; mso-bidi-language: AR-SA;\">Sprzedajemy wszystkie cz\u0119\u015bci zamienne i akcesoria oraz ZAWSZE jeste\u015bmy gotowi udzieli\u0107 odpowiedzi, je\u015bli jako klient masz pytania lub potrzebujesz wskaz\u00f3wek.<\/span><\/p><p><span style=\"font-size: 13.0pt; line-height: 107%; font-family: Raleway;\">W styczniu 2018 roku firma Isoleringsmaskinen ApS znacznie si\u0119 rozros\u0142a i przekszta\u0142ci\u0142a w Isoleringsmaskinen A\/S. W zwi\u0105zku z tym zatrudniono kilku nowych pracownik\u00f3w, gotowych do obs\u0142ugi naszych licznych klient\u00f3w.\u00a0<\/span><\/p><p><span style=\"font-family: Raleway; font-size: 13pt; background-color: var( --e-global-color-28d7cc8 );\">Obecnie w\u0142a\u015bcicielami Isoleringsmaskinen A\/S s\u0105 Lars Christiansen i Per Funch.<\/span><\/p>\t\t\t\t\t\t<\/div>\n\t\t\t\t<\/div>\n\t\t\t\t\t<\/div>\n\t\t<\/div>\n\t\t\t\t<div class=\"elementor-column elementor-col-33 elementor-inner-column elementor-element elementor-element-5403c3a\" data-id=\"5403c3a\" data-element_type=\"column\">\n\t\t\t<div class=\"elementor-widget-wrap elementor-element-populated\">\n\t\t\t\t\t\t\t\t<div class=\"elementor-element elementor-element-c8f1da0 elementor-widget elementor-widget-image\" data-id=\"c8f1da0\" data-element_type=\"widget\" data-widget_type=\"image.default\">\n\t\t\t\t<div class=\"elementor-widget-container\">\n\t\t\t\t\t\t\t\t\t\t\t\t\t\t\t<img decoding=\"async\" width=\"800\" height=\"896\" src=\"https:\/\/isoleringsmaskinen.dk\/wp-content\/uploads\/2021\/05\/DSC6346_1-914x1024.jpg\" class=\"attachment-large size-large wp-image-246\" alt=\"Din p\u00e5lidelige danske producent af isoleringsmaskiner fremstillet til professionelle i alle brancher\" srcset=\"https:\/\/isoleringsmaskinen.dk\/wp-content\/uploads\/2021\/05\/DSC6346_1-914x1024.jpg 914w, https:\/\/isoleringsmaskinen.dk\/wp-content\/uploads\/2021\/05\/DSC6346_1-600x672.jpg 600w, https:\/\/isoleringsmaskinen.dk\/wp-content\/uploads\/2021\/05\/DSC6346_1-268x300.jpg 268w, https:\/\/isoleringsmaskinen.dk\/wp-content\/uploads\/2021\/05\/DSC6346_1-768x860.jpg 768w, https:\/\/isoleringsmaskinen.dk\/wp-content\/uploads\/2021\/05\/DSC6346_1-1371x1536.jpg 1371w, https:\/\/isoleringsmaskinen.dk\/wp-content\/uploads\/2021\/05\/DSC6346_1.jpg 1490w\" sizes=\"(max-width: 800px) 100vw, 800px\" \/>\t\t\t\t\t\t\t\t\t\t\t\t\t\t\t<\/div>\n\t\t\t\t<\/div>\n\t\t\t\t<div class=\"elementor-element elementor-element-36471f4 elementor-widget elementor-widget-text-editor\" data-id=\"36471f4\" data-element_type=\"widget\" data-widget_type=\"text-editor.default\">\n\t\t\t\t<div class=\"elementor-widget-container\">\n\t\t\t\t\t\t\t<h4><strong>Masz pytanie dotycz\u0105ce Isoleringsmaskinen?<\/strong><\/h4><p>Ch\u0119tnie pomo\u017cemy Ci r\u00f3wnie\u017c w doradztwie lub wskaz\u00f3wkach, aby znale\u017a\u0107 odpowiedni\u0105 maszyn\u0119 dla Ciebie.<\/p>\t\t\t\t\t\t<\/div>\n\t\t\t\t<\/div>\n\t\t\t\t<div class=\"elementor-element elementor-element-79fb1dc elementor-widget elementor-widget-button\" data-id=\"79fb1dc\" data-element_type=\"widget\" data-widget_type=\"button.default\">\n\t\t\t\t<div class=\"elementor-widget-container\">\n\t\t\t\t\t<div class=\"elementor-button-wrapper\">\n\t\t\t<a class=\"elementor-button elementor-button-link elementor-size-sm\" href=\"https:\/\/isoleringsmaskinen.dk\/pl\/kontakt\/\">\n\t\t\t\t\t\t<span class=\"elementor-button-content-wrapper\">\n\t\t\t\t\t\t<span class=\"elementor-button-text\">Skontaktuj si\u0119 z nami<\/span>\n\t\t<\/span>\n\t\t\t\t\t<\/a>\n\t\t<\/div>\n\t\t\t\t<\/div>\n\t\t\t\t<\/div>\n\t\t\t\t\t<\/div>\n\t\t<\/div>\n\t\t\t\t\t\t\t<\/div>\n\t\t<\/section>\n\t\t\t\t\t<\/div>\n\t\t<\/div>\n\t\t\t\t\t\t\t<\/div>\n\t\t<\/section>\n\t\t\t\t<section class=\"elementor-section elementor-top-section elementor-element elementor-element-60dc516 elementor-section-boxed elementor-section-height-default elementor-section-height-default\" data-id=\"60dc516\" data-element_type=\"section\" data-settings=\"{&quot;background_background&quot;:&quot;classic&quot;}\">\n\t\t\t\t\t\t<div class=\"elementor-container elementor-column-gap-default\">\n\t\t\t\t\t<div class=\"elementor-column elementor-col-100 elementor-top-column elementor-element elementor-element-f674d69\" data-id=\"f674d69\" data-element_type=\"column\">\n\t\t\t<div class=\"elementor-widget-wrap elementor-element-populated\">\n\t\t\t\t\t\t\t\t<div class=\"elementor-element elementor-element-4f93c95 elementor-widget elementor-widget-html\" data-id=\"4f93c95\" data-element_type=\"widget\" data-widget_type=\"html.default\">\n\t\t\t\t<div class=\"elementor-widget-container\">\n\t\t\t<script type=\"application\/ld+json\">\r\n{\r\n  \"@context\": \"https:\/\/schema.org\/\",\r\n  \"@type\": \"Person\",\r\n  \"name\": \"Lars Christiansen\",\r\n  \"url\": \"https:\/\/www.linkedin.com\/in\/larschristiansen1\/\",\r\n  \"image\": \"https:\/\/media.licdn.com\/dms\/image\/C5603AQFEtim2Dmegog\/profile-displayphoto-shrink_200_200\/0\/1517817705079?e=1700092800&v=beta&t=2kxGu1bj4oEBHd5kMgksTWbM8bGs6PVoxI_96867I6A\",\r\n  \"sameAs\": [\r\n    \"https:\/\/www.sn.dk\/soroe-kommune\/nyt-selskab-giver-nye-forretningsmuligheder\/\",\r\n    \"https:\/\/www.paqle.no\/p\/lars-hans-christiansen\/1085836\"\r\n  ],\r\n  \"jobTitle\": \"CEO\",\r\n  \"worksFor\": {\r\n    \"@type\": \"Organization\",\r\n    \"name\": \"Isoleringsmaskinen.dk\"\r\n  }  \r\n}\r\n<\/script>\r\n<script type=\"application\/ld+json\">\r\n{\r\n  \"@context\": \"https:\/\/schema.org\/\",\r\n  \"@type\": \"Person\",\r\n  \"name\": \"Per Funch\",\r\n  \"url\": \"https:\/\/www.linkedin.com\/in\/per-funch-2827342\/\",\r\n  \"image\": \"https:\/\/lasso.dk\/api\/entity\/CVR-3-4000014849\/images\/resume.png\",\r\n  \"sameAs\": \"https:\/\/ownr.dk\/users\/public-profile\/4000014849\",\r\n  \"jobTitle\": \"Director of sales & export\",\r\n  \"worksFor\": {\r\n    \"@type\": \"Organization\",\r\n    \"name\": \"Isoleringsmaskinen.dk\"\r\n  }  \r\n}\r\n<\/script>\r\n<script type=\"application\/ld+json\">\r\n{\r\n  \"@context\": \"https:\/\/schema.org\",\r\n  \"@type\": \"Organization\",\r\n  \"name\": \"Isoleringsmaskinen A\/S\",\r\n  \"alternateName\": \"Isoleringsmaskinen.dk\",\r\n  \"url\": \"https:\/\/isoleringsmaskinen.dk\/\",\r\n  \"logo\": \"https:\/\/isoleringsmaskinen.dk\/wp-content\/uploads\/2021\/03\/LogoTrans-1024x290.png\",\r\n  \"sameAs\": [\r\n    \"https:\/\/www.facebook.com\/isopro1maskiner\",\r\n    \"https:\/\/www.instagram.com\/isoleringsmaskinen.dk\/\",\r\n    \"https:\/\/www.youtube.com\/@isoleringsmaskinenisopro6451\",\r\n    \"https:\/\/www.linkedin.com\/company\/isoleringsmaskinenaps\/\"\r\n  ]\r\n}\r\n<\/script>\t\t<\/div>\n\t\t\t\t<\/div>\n\t\t\t\t\t<\/div>\n\t\t<\/div>\n\t\t\t\t\t\t\t<\/div>\n\t\t<\/section>\n\t\t\t\t\t\t\t<\/div>","protected":false},"excerpt":{"rendered":"<p>Om os &#8211; Isoleringsmaskinen A\/S S\u00e5dan skabes nogle af verdens mest effektive isoleringsmaskiner I 2012 blev Isoleringsmaskinen ApS stiftet af far og s\u00f8n; Lars og Tommy Christiansen. Virksomheden startede med at importere og s\u00e6lge professionelt isoleringsudstyr\u00a0til danske h\u00e5ndv\u00e6rkere. Markedet skulle dog vise sig at have et stort behov for isoleringsmaskiner. Da eftersp\u00f8rgslen p\u00e5 st\u00e6rkere og [&hellip;]<\/p>","protected":false},"author":1,"featured_media":0,"parent":0,"menu_order":0,"comment_status":"closed","ping_status":"closed","template":"","meta":{"footnotes":""},"class_list":["post-240","page","type-page","status-publish","hentry"],"_links":{"self":[{"href":"https:\/\/isoleringsmaskinen.dk\/pl\/wp-json\/wp\/v2\/pages\/240","targetHints":{"allow":["GET"]}}],"collection":[{"href":"https:\/\/isoleringsmaskinen.dk\/pl\/wp-json\/wp\/v2\/pages"}],"about":[{"href":"https:\/\/isoleringsmaskinen.dk\/pl\/wp-json\/wp\/v2\/types\/page"}],"author":[{"embeddable":true,"href":"https:\/\/isoleringsmaskinen.dk\/pl\/wp-json\/wp\/v2\/users\/1"}],"replies":[{"embeddable":true,"href":"https:\/\/isoleringsmaskinen.dk\/pl\/wp-json\/wp\/v2\/comments?post=240"}],"version-history":[{"count":155,"href":"https:\/\/isoleringsmaskinen.dk\/pl\/wp-json\/wp\/v2\/pages\/240\/revisions"}],"predecessor-version":[{"id":5270,"href":"https:\/\/isoleringsmaskinen.dk\/pl\/wp-json\/wp\/v2\/pages\/240\/revisions\/5270"}],"wp:attachment":[{"href":"https:\/\/isoleringsmaskinen.dk\/pl\/wp-json\/wp\/v2\/media?parent=240"}],"curies":[{"name":"wp","href":"https:\/\/api.w.org\/{rel}","templated":true}]}}