{"id":3,"date":"2021-03-17T11:14:20","date_gmt":"2021-03-17T11:14:20","guid":{"rendered":"https:\/\/isoleringsmaskinen.dk\/?page_id=3"},"modified":"2024-02-14T10:26:58","modified_gmt":"2024-02-14T09:26:58","slug":"privacy-policy","status":"publish","type":"page","link":"https:\/\/isoleringsmaskinen.dk\/pl\/privacy-policy\/","title":{"rendered":"Cookie og privatlivspolitik"},"content":{"rendered":"<div data-elementor-type=\"wp-page\" data-elementor-id=\"3\" class=\"elementor elementor-3\" data-elementor-post-type=\"page\">\n\t\t\t\t\t\t\t\t\t<section class=\"elementor-section elementor-top-section elementor-element elementor-element-4a81bde9 elementor-section-boxed elementor-section-height-default elementor-section-height-default\" data-id=\"4a81bde9\" data-element_type=\"section\">\n\t\t\t\t\t\t<div class=\"elementor-container elementor-column-gap-default\">\n\t\t\t\t\t<div class=\"elementor-column elementor-col-100 elementor-top-column elementor-element elementor-element-3738b5ae\" data-id=\"3738b5ae\" data-element_type=\"column\">\n\t\t\t<div class=\"elementor-widget-wrap elementor-element-populated\">\n\t\t\t\t\t\t\t\t<div class=\"elementor-element elementor-element-5a2c4039 elementor-widget elementor-widget-text-editor\" data-id=\"5a2c4039\" data-element_type=\"widget\" data-widget_type=\"text-editor.default\">\n\t\t\t\t<div class=\"elementor-widget-container\">\n\t\t\t\t\t\t\t<h1>Polityka prywatno\u015bci<\/h1><p>Jako u\u017cytkownik naszej strony internetowej, jeste\u015b w bezpiecznych r\u0119kach. Poni\u017cej znajduje si\u0119 nasza polityka danych, kt\u00f3ra opisuje informacje, kt\u00f3re zbieramy, aby zapewni\u0107 u\u017cytkownikom komfort korzystania z naszej witryny. Ponadto opisujemy, dlaczego mo\u017cesz porusza\u0107 si\u0119 po naszej witrynie ze spokojem, nie martwi\u0105c si\u0119 o nadu\u017cywanie przez nas Twoich cyfrowych \u015blad\u00f3w w witrynie.<\/p><h2>Pliki cookie<\/h2><p>Na naszej stronie internetowej u\u017cywamy plik\u00f3w cookie, kt\u00f3re s\u0105 danymi przechowywanymi na urz\u0105dzeniu u\u017cytkownika (komputerze, telefonie kom\u00f3rkowym, tablecie itp.). Celem tych danych jest rozpoznanie urz\u0105dzenia u\u017cytkownika i zwi\u0119kszenie \u0142atwo\u015bci obs\u0142ugi podczas zapami\u0119tywania ustawie\u0144, kierowania reklam itp.<\/p><p>Mo\u017cliwe jest usuni\u0119cie plik\u00f3w cookie lub ich zablokowanie.<br \/>Je\u015bli jednak u\u017cytkownik usunie lub zablokuje pliki cookie, wy\u015bwietlane reklamy nie b\u0119d\u0105 dla niego odpowiednie. Ponadto reklamy b\u0119d\u0105 wy\u015bwietlane cz\u0119\u015bciej.<\/p><h3>Wskaz\u00f3wki dotycz\u0105ce usuwania plik\u00f3w cookie<\/h3><p id=\"howto-title\"><span style=\"color: #000080;\"><a style=\"color: #000080;\" href=\"https:\/\/support.apple.com\/da-dk\/guide\/safari\/sfri11471\/mac\" target=\"_blank\" rel=\"noopener\">Usuwanie plik\u00f3w cookie w przegl\u0105darce Safari na komputerze Mac\u00a0<\/a><\/span><br \/><span style=\"color: #000080;\"><a style=\"color: #000080;\" href=\"https:\/\/support.apple.com\/da-dk\/105082\" target=\"_blank\" rel=\"noopener\">Usuwanie plik\u00f3w cookie przegl\u0105darki Safari na telefonie iPhone, iPadzie lub iPodzie touch<\/a><\/span><br \/><span style=\"color: #000080;\"><a style=\"color: #000080;\" href=\"https:\/\/support.google.com\/chrome\/answer\/95647\" target=\"_blank\" rel=\"noopener\">Usuwanie plik\u00f3w cookie dla Google Chrome na urz\u0105dzeniach z Androidem<\/a><\/span><br \/><span style=\"color: #000080;\"><a style=\"color: #000080;\" href=\"https:\/\/support.google.com\/chrome\/answer\/95647?co=GENIE.Platform%3DDesktop&amp;hl=da&amp;oco=0\" target=\"_blank\" rel=\"noopener\">Usuwanie plik\u00f3w cookie przegl\u0105darki Google Chrome na komputerze<\/a><\/span><br \/><a href=\"https:\/\/support.microsoft.com\/da-dk\/microsoft-edge\/f%C3%A5-vist-og-slet-browserdata-i-microsoft-edge-00cf7943-a9e1-975a-a33d-ac10ce454ca4\" target=\"_blank\" rel=\"noopener\"><span style=\"color: #000080;\">Usuwanie plik\u00f3w cookie dla przegl\u0105darki Microsoft Edge na komputerze<\/span><\/a><\/p><p>Nasza witryna zawiera pliki cookie niekt\u00f3rych <span style=\"color: #000080;\"><a style=\"color: #000080;\" href=\"https:\/\/online-tryghed.dk\/hyppige-tredjeparter-ved-digital-annoncering\/\" target=\"_blank\" rel=\"noopener\">Najcz\u0119\u015bciej wyst\u0119puj\u0105ce strony trzecie<\/a><\/span>.<\/p><h2><strong>Dane osobowe<\/strong><\/h2><p>Gdy u\u017cytkownik uzyskuje dost\u0119p do naszej witryny internetowej, jego dane osobowe s\u0105 rejestrowane. Dane osobowe to informacje, kt\u00f3re mo\u017cna powi\u0105za\u0107 z u\u017cytkownikiem. Mog\u0105 to by\u0107 np. informacje o komputerze lub telefonie kom\u00f3rkowym, numer IP, po\u0142o\u017cenie geograficzne i nawigacja w witrynie. Informacje te mog\u0105 by\u0107 wykorzystywane w zwi\u0105zku z biuletynami, konkursami, ankietami itp.<\/p><p>Je\u015bli u\u017cytkownik wyrazi zgod\u0119 i wprowadzi swoje imi\u0119 i nazwisko, adres e-mail, adres, numer telefonu i informacje dotycz\u0105ce p\u0142atno\u015bci, informacje te r\u00f3wnie\u017c mog\u0105 by\u0107 przetwarzane. Zasadniczo informacje te b\u0119d\u0105 dost\u0119pne tylko podczas dokonywania zakupu lub logowania.<\/p><h3><strong>Cel przechowywania danych<\/strong><\/h3><p>Celem tych informacji jest identyfikacja u\u017cytkownika w celu zmaksymalizowania trafno\u015bci wy\u015bwietlanych reklam. Ponadto informacje te s\u0105 wykorzystywane do rejestrowania zakup\u00f3w i p\u0142atno\u015bci oraz do zapewnienia prawid\u0142owego dostarczania \u017c\u0105danych us\u0142ug - na przyk\u0142ad biuletyn\u00f3w, og\u0142osze\u0144 itp.<\/p><h3><strong>\u015arodki bezpiecze\u0144stwa<\/strong><\/h3><p>Podj\u0119to \u015brodki techniczne i organizacyjne w celu zapewnienia, \u017ce przechowywane przez nas informacje nie zostan\u0105 usuni\u0119te, opublikowane, zmanipulowane, naruszone lub niew\u0142a\u015bciwie wykorzystane z naruszeniem prawa.<\/p><h3><strong>Ramy czasowe zatrzymywania danych<\/strong><\/h3><p>Dane s\u0105 przechowywane przez okres dozwolony przez prawo. S\u0105 one usuwane, gdy ich przechowywanie nie jest ju\u017c konieczne. Okres przechowywania zale\u017cy od danych i powodu ich przechowywania - dlatego nie jest mo\u017cliwe okre\u015blenie og\u00f3lnej d\u0142ugo\u015bci tego okresu.<\/p><h3><strong>Ujawnianie informacji stronom trzecim<br \/><\/strong><\/h3><p>Informacje, kt\u00f3re s\u0105 znane, s\u0105 przekazywane wielu stronom trzecim. Te osoby trzecie przetwarzaj\u0105 dane w naszym imieniu i nie mog\u0105 ich wykorzystywa\u0107 do w\u0142asnych cel\u00f3w. Jak wspomniano wcze\u015bniej, dane osobowe, takie jak imi\u0119 i nazwisko, adres e-mail, adres itp. b\u0119d\u0105 ujawniane wy\u0142\u0105cznie po wyra\u017ceniu na to zgody.<br \/>Naszymi podmiotami przetwarzaj\u0105cymi dane s\u0105 wy\u0142\u0105cznie firmy w UE lub w krajach, w kt\u00f3rych obowi\u0105zuj\u0105 wymogi dotycz\u0105ce odpowiedniej ochrony danych u\u017cytkownik\u00f3w.<\/p><h3><strong>Dost\u0119p do informacji i skargi<\/strong><\/h3><p>U\u017cytkownik ma zawsze prawo wiedzie\u0107 dok\u0142adnie, jakie jego dane osobowe przetwarzamy. Ponadto u\u017cytkownik mo\u017ce w dowolnym momencie odm\u00f3wi\u0107 zgody na wykorzystywanie tych danych. Ponadto u\u017cytkownik mo\u017ce wycofa\u0107 swoj\u0105 zgod\u0119 na przetwarzanie jego danych osobowych. Je\u015bli przetwarzane dane s\u0105 nieprawid\u0142owe, u\u017cytkownik ma prawo do ich usuni\u0119cia lub poprawienia. Mo\u017cna to zrobi\u0107 poprzez <a href=\"https:\/\/isoleringsmaskinen.dk\/pl\/kontakt\/\">Skontaktuj si\u0119 z nami<\/a> pod adresem: iso@isoleringsmaskinen.dk.<\/p><p>Je\u015bli uwa\u017casz, \u017ce przetwarzanie przez nas Twoich danych osobowych jest nieprawid\u0142owe i chcesz z\u0142o\u017cy\u0107 skarg\u0119, mo\u017cesz skontaktowa\u0107 si\u0119 z<span style=\"color: #000080;\">\u00a0<\/span><a href=\"https:\/\/www.datatilsynet.dk\/\" target=\"_blank\" rel=\"noopener\"><span style=\"color: #000080;\">Organ ochrony danych<\/span><\/a>.<\/p><h2><strong>Wydawca<\/strong><\/h2><p>Witryna jest w\u0142asno\u015bci\u0105 i jest publikowana przez:<\/p><p>Isoleringsmaskinen A\/S<br \/>Forge Road 24<br \/>DK-4180 Sor\u00f8, Dania<br \/>Telefon: (+45) 31 36 62 86 86<br \/>E-mail: iso@isoleringsmaskinen.dk<br \/>CVR: 39 11 86 45<\/p>\t\t\t\t\t\t<\/div>\n\t\t\t\t<\/div>\n\t\t\t\t\t<\/div>\n\t\t<\/div>\n\t\t\t\t\t\t\t<\/div>\n\t\t<\/section>\n\t\t\t\t\t\t\t<\/div>","protected":false},"excerpt":{"rendered":"<p>Privatlivspolitik Som bes\u00f8gende p\u00e5 vores website er du i sikre h\u00e6nder. Nedenfor fremg\u00e5r vores datapolitik, som omhandler de oplysninger vi indsamler for at sikre brugeroplevelsen p\u00e5 vores side. Ydermere beskriver vi, hvorfor du med ro i sj\u00e6len kan navigere rundt p\u00e5 vores side uden at bekymre dig om, om vi misbruger dine digitale fodspor p\u00e5 [&hellip;]<\/p>","protected":false},"author":1,"featured_media":0,"parent":0,"menu_order":0,"comment_status":"closed","ping_status":"open","template":"","meta":{"footnotes":""},"class_list":["post-3","page","type-page","status-publish","hentry"],"_links":{"self":[{"href":"https:\/\/isoleringsmaskinen.dk\/pl\/wp-json\/wp\/v2\/pages\/3","targetHints":{"allow":["GET"]}}],"collection":[{"href":"https:\/\/isoleringsmaskinen.dk\/pl\/wp-json\/wp\/v2\/pages"}],"about":[{"href":"https:\/\/isoleringsmaskinen.dk\/pl\/wp-json\/wp\/v2\/types\/page"}],"author":[{"embeddable":true,"href":"https:\/\/isoleringsmaskinen.dk\/pl\/wp-json\/wp\/v2\/users\/1"}],"replies":[{"embeddable":true,"href":"https:\/\/isoleringsmaskinen.dk\/pl\/wp-json\/wp\/v2\/comments?post=3"}],"version-history":[{"count":17,"href":"https:\/\/isoleringsmaskinen.dk\/pl\/wp-json\/wp\/v2\/pages\/3\/revisions"}],"predecessor-version":[{"id":4892,"href":"https:\/\/isoleringsmaskinen.dk\/pl\/wp-json\/wp\/v2\/pages\/3\/revisions\/4892"}],"wp:attachment":[{"href":"https:\/\/isoleringsmaskinen.dk\/pl\/wp-json\/wp\/v2\/media?parent=3"}],"curies":[{"name":"wp","href":"https:\/\/api.w.org\/{rel}","templated":true}]}}