{"id":2283,"date":"2023-02-24T09:37:41","date_gmt":"2023-02-24T08:37:41","guid":{"rendered":"https:\/\/isoleringsmaskinen.dk\/?post_type=product&#038;p=2283"},"modified":"2024-10-09T14:43:57","modified_gmt":"2024-10-09T13:43:57","slug":"indblaesningsslange-oe63-mm-pur","status":"publish","type":"product","link":"https:\/\/isoleringsmaskinen.dk\/pl\/product\/indblaesningsslange-oe63-mm-pur\/","title":{"rendered":"W\u0105\u017c do wdmuchiwania \u00d863 mm PUR"},"content":{"rendered":"<p>Czysty w\u0105\u017c do wdmuchiwania \u00d863 mm\/15 m, mi\u0119kki i \u017cebrowany wewn\u0105trz, odpowiedni do dodatkowego rozrywania we\u0142ny szklanej. W\u0119\u017ce s\u0105 antystatyczne i poddane obr\u00f3bce mikrobiologicznej.<\/p>","protected":false},"excerpt":{"rendered":"<p>\u015arednica 63 mm, 15 metr\u00f3w.<\/p>","protected":false},"featured_media":2284,"comment_status":"open","ping_status":"closed","template":"","meta":[],"product_cat":[145,171],"product_tag":[153],"class_list":["post-2283","product","type-product","status-publish","has-post-thumbnail","hentry","product_cat-indblaesningsslanger","product_cat-pur_slanger","product_tag-indblaesningsslange-oe63-mm-staal"],"_links":{"self":[{"href":"https:\/\/isoleringsmaskinen.dk\/pl\/wp-json\/wp\/v2\/product\/2283","targetHints":{"allow":["GET"]}}],"collection":[{"href":"https:\/\/isoleringsmaskinen.dk\/pl\/wp-json\/wp\/v2\/product"}],"about":[{"href":"https:\/\/isoleringsmaskinen.dk\/pl\/wp-json\/wp\/v2\/types\/product"}],"replies":[{"embeddable":true,"href":"https:\/\/isoleringsmaskinen.dk\/pl\/wp-json\/wp\/v2\/comments?post=2283"}],"version-history":[{"count":3,"href":"https:\/\/isoleringsmaskinen.dk\/pl\/wp-json\/wp\/v2\/product\/2283\/revisions"}],"predecessor-version":[{"id":4509,"href":"https:\/\/isoleringsmaskinen.dk\/pl\/wp-json\/wp\/v2\/product\/2283\/revisions\/4509"}],"wp:featuredmedia":[{"embeddable":true,"href":"https:\/\/isoleringsmaskinen.dk\/pl\/wp-json\/wp\/v2\/media\/2284"}],"wp:attachment":[{"href":"https:\/\/isoleringsmaskinen.dk\/pl\/wp-json\/wp\/v2\/media?parent=2283"}],"wp:term":[{"taxonomy":"product_cat","embeddable":true,"href":"https:\/\/isoleringsmaskinen.dk\/pl\/wp-json\/wp\/v2\/product_cat?post=2283"},{"taxonomy":"product_tag","embeddable":true,"href":"https:\/\/isoleringsmaskinen.dk\/pl\/wp-json\/wp\/v2\/product_tag?post=2283"}],"curies":[{"name":"wp","href":"https:\/\/api.w.org\/{rel}","templated":true}]}}