{"id":2299,"date":"2023-02-24T09:47:38","date_gmt":"2023-02-24T08:47:38","guid":{"rendered":"https:\/\/isoleringsmaskinen.dk\/?post_type=product&#038;p=2299"},"modified":"2023-07-05T12:47:03","modified_gmt":"2023-07-05T11:47:03","slug":"indblaesningsslange-oe76-mm-plast","status":"publish","type":"product","link":"https:\/\/isoleringsmaskinen.dk\/pl\/product\/indblaesningsslange-oe76-mm-plast\/","title":{"rendered":"W\u0105\u017c do wdmuchiwania \u00d876 mm plastikowy"},"content":{"rendered":"<p>Indbl\u00e6sningsslange PUR \u00d876 mm \/20m kraftig slange med plastspiral, som er glat indvendig, egner sig til tr\u00e6fiber og papiruld<\/p>","protected":false},"excerpt":{"rendered":"<p>\u015arednica 76 mm, 20 metr\u00f3w.<\/p>","protected":false},"featured_media":2300,"comment_status":"open","ping_status":"closed","template":"","meta":[],"product_cat":[145,172],"product_tag":[157],"class_list":["post-2299","product","type-product","status-publish","has-post-thumbnail","hentry","product_cat-indblaesningsslanger","product_cat-plast_slanger","product_tag-indblaesningsslange-oe76-mm-plast"],"_links":{"self":[{"href":"https:\/\/isoleringsmaskinen.dk\/pl\/wp-json\/wp\/v2\/product\/2299","targetHints":{"allow":["GET"]}}],"collection":[{"href":"https:\/\/isoleringsmaskinen.dk\/pl\/wp-json\/wp\/v2\/product"}],"about":[{"href":"https:\/\/isoleringsmaskinen.dk\/pl\/wp-json\/wp\/v2\/types\/product"}],"replies":[{"embeddable":true,"href":"https:\/\/isoleringsmaskinen.dk\/pl\/wp-json\/wp\/v2\/comments?post=2299"}],"version-history":[{"count":3,"href":"https:\/\/isoleringsmaskinen.dk\/pl\/wp-json\/wp\/v2\/product\/2299\/revisions"}],"predecessor-version":[{"id":2689,"href":"https:\/\/isoleringsmaskinen.dk\/pl\/wp-json\/wp\/v2\/product\/2299\/revisions\/2689"}],"wp:featuredmedia":[{"embeddable":true,"href":"https:\/\/isoleringsmaskinen.dk\/pl\/wp-json\/wp\/v2\/media\/2300"}],"wp:attachment":[{"href":"https:\/\/isoleringsmaskinen.dk\/pl\/wp-json\/wp\/v2\/media?parent=2299"}],"wp:term":[{"taxonomy":"product_cat","embeddable":true,"href":"https:\/\/isoleringsmaskinen.dk\/pl\/wp-json\/wp\/v2\/product_cat?post=2299"},{"taxonomy":"product_tag","embeddable":true,"href":"https:\/\/isoleringsmaskinen.dk\/pl\/wp-json\/wp\/v2\/product_tag?post=2299"}],"curies":[{"name":"wp","href":"https:\/\/api.w.org\/{rel}","templated":true}]}}