{"id":1924,"date":"2023-01-11T09:21:43","date_gmt":"2023-01-11T08:21:43","guid":{"rendered":"https:\/\/isoleringsmaskinen.dk\/refundering_returvarer\/"},"modified":"2024-02-14T10:22:29","modified_gmt":"2024-02-14T09:22:29","slug":"salgs-og-leveringsbetingelser","status":"publish","type":"page","link":"https:\/\/isoleringsmaskinen.dk\/se\/salgs-og-leveringsbetingelser\/","title":{"rendered":"Salgs- og leveringsbetingelser"},"content":{"rendered":"<div data-elementor-type=\"wp-page\" data-elementor-id=\"1924\" class=\"elementor elementor-1924\" data-elementor-post-type=\"page\">\n\t\t\t\t\t\t\t\t\t<section class=\"elementor-section elementor-top-section elementor-element elementor-element-2cc0a217 elementor-section-boxed elementor-section-height-default elementor-section-height-default\" data-id=\"2cc0a217\" data-element_type=\"section\">\n\t\t\t\t\t\t<div class=\"elementor-container elementor-column-gap-default\">\n\t\t\t\t\t<div class=\"elementor-column elementor-col-100 elementor-top-column elementor-element elementor-element-40bbc9a5\" data-id=\"40bbc9a5\" data-element_type=\"column\">\n\t\t\t<div class=\"elementor-widget-wrap elementor-element-populated\">\n\t\t\t\t\t\t\t\t<div class=\"elementor-element elementor-element-4bfa02a8 elementor-widget elementor-widget-text-editor\" data-id=\"4bfa02a8\" data-element_type=\"widget\" data-widget_type=\"text-editor.default\">\n\t\t\t\t<div class=\"elementor-widget-container\">\n\t\t\t\t\t\t\t<h1>Salgs- og leveringsbetingelser\u00a0for ISOLERINGSMASKINEN A\/S<\/h1><p>G\u00e6ldende fra 1. august 2019<\/p><h3>1. Indledning:<\/h3><p class=\"h1 h2 h3 p{margin: 0 10px;}\">N\u00e6rv\u00e6rende salgs-og leveringsbetingelser er g\u00e6ldende for alle tilbud, salg, ordrebekr\u00e6ftelser samt leverancer, medmindre andet er skriftligt aftalt mellem S\u00e6lger og K\u00f8ber S\u00e6lger: <a href=\"https:\/\/isoleringsmaskinen.dk\/se\/\"><span style=\"color: #000080;\">ISOLERINGSMASKINEN A\/S<\/span><\/a>, betegnes herefter som S\u00e6lger K\u00f8ber: Modtageren af varer og ydelser leveret af ISOLERINGSMASKINEN A\/S betegnes herefter som K\u00f8ber.<\/p><h3>2. Tilbud, priser og levering:<\/h3><p>Alle afgivne priser i tilbud, ordrer og bekr\u00e6ftelser, er i danske kroner, ekskl. moms, transport, emballage samt evt. offentlige afgifter, medmindre andet er skriftligt aftalt med S\u00e6lger.<\/p><p>Tilbud fra S\u00e6lger uden n\u00e6rmere beskrevet tidsfrist, bortfalder efter 6 uger fra tilbuddets afsendelse. Aftaler om \u00e6ndringer i, eller till\u00e6g til den oprindelige aftale er ikke bindende for S\u00e6lger uden skriftligt tilsagn fra denne.<\/p><p>K\u00f8bers ordrer og bestillinger af enhver art, er kun bindende for S\u00e6lger, n\u00e5r K\u00f8ber har modtaget en skriftlig ordrebekr\u00e6ftelse fra S\u00e6lger.<\/p><p>Medmindre andet er skriftligt aftalt, sker levering ab fabrik eller ab lager. Under disse formuleringer kan maskiner og tilbeh\u00f8r i enkelte tilf\u00e6lde afsendes fra eksterne leverand\u00f8rer. Al forsendelse, herunder evt. fragtfri levering, sker for k\u00f8bers risiko, og det er k\u00f8bers ansvar at holde leverancen forsikret.<\/p><h3>3. Betalingsbetingelser:<\/h3><p>Medmindre andet er skriftligt aftalt, skal betaling ske j\u00e6vnf\u00f8r de p\u00e5 fakturaen p\u00e5trykte betalingsbetingelser. Erl\u00e6gges betaling ikke rettidigt, beregnes morarente med 2 % pr. p\u00e5begyndt m\u00e5ned med till\u00e6g af rykkergebyr p\u00e5 kr. 100,00 pr. rykker. Kreditgivning kan kun forekomme efter skriftlig aftale med S\u00e6lger. S\u00e5fremt K\u00f8bers betalingsevne vurderes som usikker, kan S\u00e6lger kr\u00e6ve sikkerhedsstillelse for varesalget. Evt. modkrav fra K\u00f8ber kan ikke berettige manglende betaling uden S\u00e6lgers skriftlige accept.<\/p><h3>4. Ejendomsforbehold:<\/h3><p>Ejendomsretten til leverede maskiner og tilbeh\u00f8r tilkommer S\u00e6lger og overg\u00e5r f\u00f8rst til k\u00f8ber n\u00e5r den fulde k\u00f8besum er betalt.<\/p><h3>5. Fejl og mangler:<\/h3><p>Ved evt. mangler skal K\u00f8ber senest 8 dage efter modtagelse af fremsendte varer, skriftligt fremsende reklamation til S\u00e6lger. K\u00f8ber mister retten til at p\u00e5ber\u00e5be sig mangler ved det k\u00f8bte, hvis ikke reklamationen er fremsendt indenfor 12 m\u00e5neder efter modtagelse, maksimalt 18 m\u00e5neder efter levering. I intet tilf\u00e6lde er S\u00e6lger ansvarlig for K\u00f8bers driftstab, tabt fortjeneste eller andre indirekte tab.<\/p><h3>V\u00e6rneting:<\/h3><p>Eventuelle tvister mellem S\u00e6lger og K\u00f8ber afg\u00f8res ved voldgift, medmindre ISOLERINGSMASKINEN A\/S bestemmer at tvisten skal afg\u00f8res ved de ordin\u00e6re danske domstole.<\/p><h3>Yderligere bem\u00e6rkninger:<\/h3><p>Bem\u00e6rk at ALMINDELIGE LEVERINGSBETINGELSER NL 92, for leverancer af maskiner og andet mekanisk, elektrisk og elektronisk udstyr mellem Danmark, Finland, Norge og Sverige samt inden for disse lande, er g\u00e6ldende som supplement til ovenst\u00e5ende.<\/p><h3 class=\"has-text-align-center\"><strong>Kontakt<\/strong><\/h3><p class=\"has-text-align-center\">Isoleringsmaskinen A\/S Smedevej 24 &#8211; 4180 Sor\u00f8 &#8211; CVR-nr.: 39118645<br \/>Tlf.: 31366286 \u2013 Mail: iso@isoleringsmaskinen.dk<br \/>Bank: Nordea &#8211; Kontonr.: 2233 \/ 4394366116 &#8211; IBAN-nr.: DK3020004394366116 &#8211; SWIFT-kode: NDEADKKK<\/p>\t\t\t\t\t\t<\/div>\n\t\t\t\t<\/div>\n\t\t\t\t\t<\/div>\n\t\t<\/div>\n\t\t\t\t\t\t\t<\/div>\n\t\t<\/section>\n\t\t\t\t\t\t\t<\/div>","protected":false},"excerpt":{"rendered":"<p>Salgs- og leveringsbetingelser\u00a0for ISOLERINGSMASKINEN A\/S G\u00e6ldende fra 1. august 2019 1. Indledning: N\u00e6rv\u00e6rende salgs-og leveringsbetingelser er g\u00e6ldende for alle tilbud, salg, ordrebekr\u00e6ftelser samt leverancer, medmindre andet er skriftligt aftalt mellem S\u00e6lger og K\u00f8ber S\u00e6lger: ISOLERINGSMASKINEN A\/S, betegnes herefter som S\u00e6lger K\u00f8ber: Modtageren af varer og ydelser leveret af ISOLERINGSMASKINEN A\/S betegnes herefter som K\u00f8ber. 2. [&hellip;]<\/p>","protected":false},"author":1,"featured_media":0,"parent":0,"menu_order":0,"comment_status":"closed","ping_status":"closed","template":"","meta":{"footnotes":""},"class_list":["post-1924","page","type-page","status-publish","hentry"],"_links":{"self":[{"href":"https:\/\/isoleringsmaskinen.dk\/se\/wp-json\/wp\/v2\/pages\/1924","targetHints":{"allow":["GET"]}}],"collection":[{"href":"https:\/\/isoleringsmaskinen.dk\/se\/wp-json\/wp\/v2\/pages"}],"about":[{"href":"https:\/\/isoleringsmaskinen.dk\/se\/wp-json\/wp\/v2\/types\/page"}],"author":[{"embeddable":true,"href":"https:\/\/isoleringsmaskinen.dk\/se\/wp-json\/wp\/v2\/users\/1"}],"replies":[{"embeddable":true,"href":"https:\/\/isoleringsmaskinen.dk\/se\/wp-json\/wp\/v2\/comments?post=1924"}],"version-history":[{"count":32,"href":"https:\/\/isoleringsmaskinen.dk\/se\/wp-json\/wp\/v2\/pages\/1924\/revisions"}],"predecessor-version":[{"id":4474,"href":"https:\/\/isoleringsmaskinen.dk\/se\/wp-json\/wp\/v2\/pages\/1924\/revisions\/4474"}],"wp:attachment":[{"href":"https:\/\/isoleringsmaskinen.dk\/se\/wp-json\/wp\/v2\/media?parent=1924"}],"curies":[{"name":"wp","href":"https:\/\/api.w.org\/{rel}","templated":true}]}}