{"id":2261,"date":"2023-02-24T09:17:01","date_gmt":"2023-02-24T08:17:01","guid":{"rendered":"https:\/\/isoleringsmaskinen.dk\/?post_type=product&#038;p=2261"},"modified":"2023-07-05T13:20:00","modified_gmt":"2023-07-05T12:20:00","slug":"fjernbetjening-2","status":"publish","type":"product","link":"https:\/\/isoleringsmaskinen.dk\/se\/product\/fjernbetjening-2\/","title":{"rendered":"Fj\u00e4rrkontroll \u00c5kerstr\u00f8m 6-kanals hands\u00e4ndare"},"content":{"rendered":"<p>Fjernbetjening \u00c5kerstr\u00f8ms 6 kanals h\u00e5ndsender.<\/p>\n<p>Flot r\u00f8d farve.<\/p>","protected":false},"excerpt":{"rendered":"<p>Fj\u00e4rrkontroll \u00c5kerstr\u00f8m<\/p>","protected":false},"featured_media":2566,"comment_status":"closed","ping_status":"closed","template":"","meta":[],"product_cat":[142],"product_tag":[],"class_list":["post-2261","product","type-product","status-publish","has-post-thumbnail","hentry","product_cat-fjernbetjeninger"],"_links":{"self":[{"href":"https:\/\/isoleringsmaskinen.dk\/se\/wp-json\/wp\/v2\/product\/2261","targetHints":{"allow":["GET"]}}],"collection":[{"href":"https:\/\/isoleringsmaskinen.dk\/se\/wp-json\/wp\/v2\/product"}],"about":[{"href":"https:\/\/isoleringsmaskinen.dk\/se\/wp-json\/wp\/v2\/types\/product"}],"replies":[{"embeddable":true,"href":"https:\/\/isoleringsmaskinen.dk\/se\/wp-json\/wp\/v2\/comments?post=2261"}],"version-history":[{"count":5,"href":"https:\/\/isoleringsmaskinen.dk\/se\/wp-json\/wp\/v2\/product\/2261\/revisions"}],"predecessor-version":[{"id":3153,"href":"https:\/\/isoleringsmaskinen.dk\/se\/wp-json\/wp\/v2\/product\/2261\/revisions\/3153"}],"wp:featuredmedia":[{"embeddable":true,"href":"https:\/\/isoleringsmaskinen.dk\/se\/wp-json\/wp\/v2\/media\/2566"}],"wp:attachment":[{"href":"https:\/\/isoleringsmaskinen.dk\/se\/wp-json\/wp\/v2\/media?parent=2261"}],"wp:term":[{"taxonomy":"product_cat","embeddable":true,"href":"https:\/\/isoleringsmaskinen.dk\/se\/wp-json\/wp\/v2\/product_cat?post=2261"},{"taxonomy":"product_tag","embeddable":true,"href":"https:\/\/isoleringsmaskinen.dk\/se\/wp-json\/wp\/v2\/product_tag?post=2261"}],"curies":[{"name":"wp","href":"https:\/\/api.w.org\/{rel}","templated":true}]}}