{"id":2279,"date":"2023-02-24T09:33:27","date_gmt":"2023-02-24T08:33:27","guid":{"rendered":"https:\/\/isoleringsmaskinen.dk\/?post_type=product&#038;p=2279"},"modified":"2024-10-09T14:45:14","modified_gmt":"2024-10-09T13:45:14","slug":"indblaesningsslange-oe51-mm-pur","status":"publish","type":"product","link":"https:\/\/isoleringsmaskinen.dk\/se\/product\/indblaesningsslange-oe51-mm-pur\/","title":{"rendered":"Inbl\u00e5sningsslang \u00d851 mm PUR"},"content":{"rendered":"<p>Pur indbl\u00e6sningsslange \u00d851 mm\/15 m , bl\u00f8d og riflet indv. velegnet til ekstra oprivning af glasuld. Slangerne er antistatiske og mikrobe-behandlet.<\/p>","protected":false},"excerpt":{"rendered":"<p>Diameter 51 mm, 15 meter.<\/p>","protected":false},"featured_media":2280,"comment_status":"open","ping_status":"closed","template":"","meta":[],"product_cat":[145,171],"product_tag":[152],"class_list":["post-2279","product","type-product","status-publish","has-post-thumbnail","hentry","product_cat-indblaesningsslanger","product_cat-pur_slanger","product_tag-indblaesningsslange-oe51-staal"],"_links":{"self":[{"href":"https:\/\/isoleringsmaskinen.dk\/se\/wp-json\/wp\/v2\/product\/2279","targetHints":{"allow":["GET"]}}],"collection":[{"href":"https:\/\/isoleringsmaskinen.dk\/se\/wp-json\/wp\/v2\/product"}],"about":[{"href":"https:\/\/isoleringsmaskinen.dk\/se\/wp-json\/wp\/v2\/types\/product"}],"replies":[{"embeddable":true,"href":"https:\/\/isoleringsmaskinen.dk\/se\/wp-json\/wp\/v2\/comments?post=2279"}],"version-history":[{"count":5,"href":"https:\/\/isoleringsmaskinen.dk\/se\/wp-json\/wp\/v2\/product\/2279\/revisions"}],"predecessor-version":[{"id":4510,"href":"https:\/\/isoleringsmaskinen.dk\/se\/wp-json\/wp\/v2\/product\/2279\/revisions\/4510"}],"wp:featuredmedia":[{"embeddable":true,"href":"https:\/\/isoleringsmaskinen.dk\/se\/wp-json\/wp\/v2\/media\/2280"}],"wp:attachment":[{"href":"https:\/\/isoleringsmaskinen.dk\/se\/wp-json\/wp\/v2\/media?parent=2279"}],"wp:term":[{"taxonomy":"product_cat","embeddable":true,"href":"https:\/\/isoleringsmaskinen.dk\/se\/wp-json\/wp\/v2\/product_cat?post=2279"},{"taxonomy":"product_tag","embeddable":true,"href":"https:\/\/isoleringsmaskinen.dk\/se\/wp-json\/wp\/v2\/product_tag?post=2279"}],"curies":[{"name":"wp","href":"https:\/\/api.w.org\/{rel}","templated":true}]}}