{"id":2307,"date":"2023-02-24T09:51:55","date_gmt":"2023-02-24T08:51:55","guid":{"rendered":"https:\/\/isoleringsmaskinen.dk\/?post_type=product&#038;p=2307"},"modified":"2023-07-05T12:42:02","modified_gmt":"2023-07-05T11:42:02","slug":"indblaesningsslange-oe51-mm-plast","status":"publish","type":"product","link":"https:\/\/isoleringsmaskinen.dk\/se\/product\/indblaesningsslange-oe51-mm-plast\/","title":{"rendered":"Inbl\u00e5sningsslang \u00d851 mm plast"},"content":{"rendered":"<p>Indbl\u00e6sningsslange PUR \u00d851 mm \/20m kraftig slange med plastspiral, som er glat indvendig, egner sig til tr\u00e6fiber og papiruld<\/p>","protected":false},"excerpt":{"rendered":"<p>Diameter 53 mm, 20 meter.<\/p>","protected":false},"featured_media":2308,"comment_status":"open","ping_status":"closed","template":"","meta":[],"product_cat":[145,172],"product_tag":[159],"class_list":["post-2307","product","type-product","status-publish","has-post-thumbnail","hentry","product_cat-indblaesningsslanger","product_cat-plast_slanger","product_tag-indblaesningsslange-oe51-mm-plast"],"_links":{"self":[{"href":"https:\/\/isoleringsmaskinen.dk\/se\/wp-json\/wp\/v2\/product\/2307","targetHints":{"allow":["GET"]}}],"collection":[{"href":"https:\/\/isoleringsmaskinen.dk\/se\/wp-json\/wp\/v2\/product"}],"about":[{"href":"https:\/\/isoleringsmaskinen.dk\/se\/wp-json\/wp\/v2\/types\/product"}],"replies":[{"embeddable":true,"href":"https:\/\/isoleringsmaskinen.dk\/se\/wp-json\/wp\/v2\/comments?post=2307"}],"version-history":[{"count":6,"href":"https:\/\/isoleringsmaskinen.dk\/se\/wp-json\/wp\/v2\/product\/2307\/revisions"}],"predecessor-version":[{"id":3520,"href":"https:\/\/isoleringsmaskinen.dk\/se\/wp-json\/wp\/v2\/product\/2307\/revisions\/3520"}],"wp:featuredmedia":[{"embeddable":true,"href":"https:\/\/isoleringsmaskinen.dk\/se\/wp-json\/wp\/v2\/media\/2308"}],"wp:attachment":[{"href":"https:\/\/isoleringsmaskinen.dk\/se\/wp-json\/wp\/v2\/media?parent=2307"}],"wp:term":[{"taxonomy":"product_cat","embeddable":true,"href":"https:\/\/isoleringsmaskinen.dk\/se\/wp-json\/wp\/v2\/product_cat?post=2307"},{"taxonomy":"product_tag","embeddable":true,"href":"https:\/\/isoleringsmaskinen.dk\/se\/wp-json\/wp\/v2\/product_tag?post=2307"}],"curies":[{"name":"wp","href":"https:\/\/api.w.org\/{rel}","templated":true}]}}